{"id":2186,"date":"2022-03-20T07:24:47","date_gmt":"2022-03-20T07:24:47","guid":{"rendered":"https:\/\/cescon.org\/secretarios\/"},"modified":"2025-05-21T04:07:22","modified_gmt":"2025-05-21T04:07:22","slug":"secretaries","status":"publish","type":"page","link":"https:\/\/cescon.org\/en\/secretaries\/","title":{"rendered":"Secretaries"},"content":{"rendered":"\t\t<div data-elementor-type=\"wp-page\" data-elementor-id=\"2186\" class=\"elementor elementor-2186\" data-elementor-post-type=\"page\">\n\t\t\t\t\t\t<section class=\"elementor-section elementor-top-section elementor-element elementor-element-ca07972 elementor-section-full_width elementor-section-height-default elementor-section-height-default\" data-id=\"ca07972\" data-element_type=\"section\" data-e-type=\"section\" data-settings=\"{&quot;background_background&quot;:&quot;classic&quot;,&quot;background_motion_fx_motion_fx_scrolling&quot;:&quot;yes&quot;,&quot;background_motion_fx_devices&quot;:[&quot;desktop&quot;,&quot;tablet&quot;,&quot;mobile&quot;]}\">\n\t\t\t\t\t\t\t<div class=\"elementor-background-overlay\"><\/div>\n\t\t\t\t\t\t\t<div class=\"elementor-container elementor-column-gap-no\">\n\t\t\t\t\t<div class=\"elementor-column elementor-col-100 elementor-top-column elementor-element elementor-element-a86e1ee\" data-id=\"a86e1ee\" data-element_type=\"column\" data-e-type=\"column\">\n\t\t\t<div class=\"elementor-widget-wrap elementor-element-populated\">\n\t\t\t\t\t\t<div class=\"elementor-element elementor-element-e932ef1 elementor-widget elementor-widget-heading\" data-id=\"e932ef1\" data-element_type=\"widget\" data-e-type=\"widget\" data-widget_type=\"heading.default\">\n\t\t\t\t<div class=\"elementor-widget-container\">\n\t\t\t\t\t<h2 class=\"elementor-heading-title elementor-size-default\">ARBITRATION<\/h2>\t\t\t\t<\/div>\n\t\t\t\t<\/div>\n\t\t\t\t<div class=\"elementor-element elementor-element-4aba9c1 elementor-widget elementor-widget-heading\" data-id=\"4aba9c1\" data-element_type=\"widget\" data-e-type=\"widget\" data-widget_type=\"heading.default\">\n\t\t\t\t<div class=\"elementor-widget-container\">\n\t\t\t\t\t<h1 class=\"elementor-heading-title elementor-size-xxl\">Secretaries<\/h1>\t\t\t\t<\/div>\n\t\t\t\t<\/div>\n\t\t\t\t<div class=\"elementor-element elementor-element-ad171e1 elementor-widget elementor-widget-spacer\" data-id=\"ad171e1\" data-element_type=\"widget\" data-e-type=\"widget\" data-widget_type=\"spacer.default\">\n\t\t\t\t<div class=\"elementor-widget-container\">\n\t\t\t\t\t\t\t<div class=\"elementor-spacer\">\n\t\t\t<div class=\"elementor-spacer-inner\"><\/div>\n\t\t<\/div>\n\t\t\t\t\t\t<\/div>\n\t\t\t\t<\/div>\n\t\t\t\t\t<\/div>\n\t\t<\/div>\n\t\t\t\t\t<\/div>\n\t\t<\/section>\n\t\t\t\t<section class=\"elementor-section elementor-top-section elementor-element elementor-element-4b3bad6 elementor-section-boxed elementor-section-height-default elementor-section-height-default\" data-id=\"4b3bad6\" data-element_type=\"section\" data-e-type=\"section\">\n\t\t\t\t\t\t<div class=\"elementor-container elementor-column-gap-default\">\n\t\t\t\t\t<div class=\"elementor-column elementor-col-100 elementor-top-column elementor-element elementor-element-985edfd\" data-id=\"985edfd\" data-element_type=\"column\" data-e-type=\"column\">\n\t\t\t<div class=\"elementor-widget-wrap elementor-element-populated\">\n\t\t\t\t\t\t<div class=\"elementor-element elementor-element-08dbce8 elementor-widget elementor-widget-spacer\" data-id=\"08dbce8\" data-element_type=\"widget\" data-e-type=\"widget\" data-widget_type=\"spacer.default\">\n\t\t\t\t<div class=\"elementor-widget-container\">\n\t\t\t\t\t\t\t<div class=\"elementor-spacer\">\n\t\t\t<div class=\"elementor-spacer-inner\"><\/div>\n\t\t<\/div>\n\t\t\t\t\t\t<\/div>\n\t\t\t\t<\/div>\n\t\t\t\t\t<\/div>\n\t\t<\/div>\n\t\t\t\t\t<\/div>\n\t\t<\/section>\n\t\t\t\t<section class=\"elementor-section elementor-top-section elementor-element elementor-element-9e06c57 elementor-section-boxed elementor-section-height-default elementor-section-height-default\" data-id=\"9e06c57\" data-element_type=\"section\" data-e-type=\"section\">\n\t\t\t\t\t\t<div class=\"elementor-container elementor-column-gap-default\">\n\t\t\t\t\t<div class=\"elementor-column elementor-col-100 elementor-top-column elementor-element elementor-element-c4ce074\" data-id=\"c4ce074\" data-element_type=\"column\" data-e-type=\"column\">\n\t\t\t<div class=\"elementor-widget-wrap elementor-element-populated\">\n\t\t\t\t\t\t<div class=\"elementor-element elementor-element-3bb8904 elementor-widget elementor-widget-heading\" data-id=\"3bb8904\" data-element_type=\"widget\" data-e-type=\"widget\" data-widget_type=\"heading.default\">\n\t\t\t\t<div class=\"elementor-widget-container\">\n\t\t\t\t\t<h2 class=\"elementor-heading-title elementor-size-default\">A<\/h2>\t\t\t\t<\/div>\n\t\t\t\t<\/div>\n\t\t\t\t<div class=\"elementor-element elementor-element-aff5939 elementor-widget elementor-widget-text-editor\" data-id=\"aff5939\" data-element_type=\"widget\" data-e-type=\"widget\" data-widget_type=\"text-editor.default\">\n\t\t\t\t<div class=\"elementor-widget-container\">\n\t\t\t\t\t\t\t\t\tArosemena, Ana Elena<br\/>\nArosemena, Lexaira\t\t\t\t\t\t\t\t<\/div>\n\t\t\t\t<\/div>\n\t\t\t\t<div class=\"elementor-element elementor-element-3343127 elementor-widget elementor-widget-heading\" data-id=\"3343127\" data-element_type=\"widget\" data-e-type=\"widget\" data-widget_type=\"heading.default\">\n\t\t\t\t<div class=\"elementor-widget-container\">\n\t\t\t\t\t<h2 class=\"elementor-heading-title elementor-size-default\">B<\/h2>\t\t\t\t<\/div>\n\t\t\t\t<\/div>\n\t\t\t\t<div class=\"elementor-element elementor-element-3df1a50 elementor-widget elementor-widget-text-editor\" data-id=\"3df1a50\" data-element_type=\"widget\" data-e-type=\"widget\" data-widget_type=\"text-editor.default\">\n\t\t\t\t<div class=\"elementor-widget-container\">\n\t\t\t\t\t\t\t\t\t<p>B\u00e1rcenas, Juan David<\/p><p>Bonadies, Leonardo<\/p>\t\t\t\t\t\t\t\t<\/div>\n\t\t\t\t<\/div>\n\t\t\t\t<div class=\"elementor-element elementor-element-2011023 elementor-widget elementor-widget-heading\" data-id=\"2011023\" data-element_type=\"widget\" data-e-type=\"widget\" data-widget_type=\"heading.default\">\n\t\t\t\t<div class=\"elementor-widget-container\">\n\t\t\t\t\t<h2 class=\"elementor-heading-title elementor-size-default\">C<\/h2>\t\t\t\t<\/div>\n\t\t\t\t<\/div>\n\t\t\t\t<div class=\"elementor-element elementor-element-41a5884 elementor-widget elementor-widget-text-editor\" data-id=\"41a5884\" data-element_type=\"widget\" data-e-type=\"widget\" data-widget_type=\"text-editor.default\">\n\t\t\t\t<div class=\"elementor-widget-container\">\n\t\t\t\t\t\t\t\t\t<p>Casta\u00f1edas, Dayra<\/p><p>Castillo, Sheyla<\/p><p>Castillo Arjona, M\u00f3nica<\/p><p>Chevalier, Alejandro<\/p>\t\t\t\t\t\t\t\t<\/div>\n\t\t\t\t<\/div>\n\t\t\t\t<div class=\"elementor-element elementor-element-e1881cf elementor-widget elementor-widget-heading\" data-id=\"e1881cf\" data-element_type=\"widget\" data-e-type=\"widget\" data-widget_type=\"heading.default\">\n\t\t\t\t<div class=\"elementor-widget-container\">\n\t\t\t\t\t<h2 class=\"elementor-heading-title elementor-size-default\">E<\/h2>\t\t\t\t<\/div>\n\t\t\t\t<\/div>\n\t\t\t\t<div class=\"elementor-element elementor-element-753ca63 elementor-widget elementor-widget-text-editor\" data-id=\"753ca63\" data-element_type=\"widget\" data-e-type=\"widget\" data-widget_type=\"text-editor.default\">\n\t\t\t\t<div class=\"elementor-widget-container\">\n\t\t\t\t\t\t\t\t\tEnse\u00f1at, Lilibeth<br\/>\nEstrada, Ericka\t\t\t\t\t\t\t\t<\/div>\n\t\t\t\t<\/div>\n\t\t\t\t<div class=\"elementor-element elementor-element-5d308a7 elementor-widget elementor-widget-heading\" data-id=\"5d308a7\" data-element_type=\"widget\" data-e-type=\"widget\" data-widget_type=\"heading.default\">\n\t\t\t\t<div class=\"elementor-widget-container\">\n\t\t\t\t\t<h2 class=\"elementor-heading-title elementor-size-default\">F<\/h2>\t\t\t\t<\/div>\n\t\t\t\t<\/div>\n\t\t\t\t<div class=\"elementor-element elementor-element-5054c8a elementor-widget elementor-widget-text-editor\" data-id=\"5054c8a\" data-element_type=\"widget\" data-e-type=\"widget\" data-widget_type=\"text-editor.default\">\n\t\t\t\t<div class=\"elementor-widget-container\">\n\t\t\t\t\t\t\t\t\t<p>Figueroa, Miriam G.<\/p>\t\t\t\t\t\t\t\t<\/div>\n\t\t\t\t<\/div>\n\t\t\t\t<div class=\"elementor-element elementor-element-44b6bff elementor-widget elementor-widget-heading\" data-id=\"44b6bff\" data-element_type=\"widget\" data-e-type=\"widget\" data-widget_type=\"heading.default\">\n\t\t\t\t<div class=\"elementor-widget-container\">\n\t\t\t\t\t<h2 class=\"elementor-heading-title elementor-size-default\">J<\/h2>\t\t\t\t<\/div>\n\t\t\t\t<\/div>\n\t\t\t\t<div class=\"elementor-element elementor-element-2de1db5 elementor-widget elementor-widget-text-editor\" data-id=\"2de1db5\" data-element_type=\"widget\" data-e-type=\"widget\" data-widget_type=\"text-editor.default\">\n\t\t\t\t<div class=\"elementor-widget-container\">\n\t\t\t\t\t\t\t\t\t<p>Jaime, Margie-Lys<\/p><p>Juarez, Claudia<\/p><p>Juliao, Rin\u00e9e<\/p>\t\t\t\t\t\t\t\t<\/div>\n\t\t\t\t<\/div>\n\t\t\t\t<div class=\"elementor-element elementor-element-66ad346 elementor-widget elementor-widget-heading\" data-id=\"66ad346\" data-element_type=\"widget\" data-e-type=\"widget\" data-widget_type=\"heading.default\">\n\t\t\t\t<div class=\"elementor-widget-container\">\n\t\t\t\t\t<h2 class=\"elementor-heading-title elementor-size-default\">L<\/h2>\t\t\t\t<\/div>\n\t\t\t\t<\/div>\n\t\t\t\t<div class=\"elementor-element elementor-element-859cd4f elementor-widget elementor-widget-text-editor\" data-id=\"859cd4f\" data-element_type=\"widget\" data-e-type=\"widget\" data-widget_type=\"text-editor.default\">\n\t\t\t\t<div class=\"elementor-widget-container\">\n\t\t\t\t\t\t\t\t\t<p>Lee, Sophia A.<br \/>Lopez, Esteban<\/p>\t\t\t\t\t\t\t\t<\/div>\n\t\t\t\t<\/div>\n\t\t\t\t<div class=\"elementor-element elementor-element-a6ab024 elementor-widget elementor-widget-heading\" data-id=\"a6ab024\" data-element_type=\"widget\" data-e-type=\"widget\" data-widget_type=\"heading.default\">\n\t\t\t\t<div class=\"elementor-widget-container\">\n\t\t\t\t\t<h2 class=\"elementor-heading-title elementor-size-default\">M<\/h2>\t\t\t\t<\/div>\n\t\t\t\t<\/div>\n\t\t\t\t<div class=\"elementor-element elementor-element-325740b elementor-widget elementor-widget-text-editor\" data-id=\"325740b\" data-element_type=\"widget\" data-e-type=\"widget\" data-widget_type=\"text-editor.default\">\n\t\t\t\t<div class=\"elementor-widget-container\">\n\t\t\t\t\t\t\t\t\t<p>Martin Graell, Lesley<\/p>\t\t\t\t\t\t\t\t<\/div>\n\t\t\t\t<\/div>\n\t\t\t\t<div class=\"elementor-element elementor-element-efc7c1d elementor-widget elementor-widget-heading\" data-id=\"efc7c1d\" data-element_type=\"widget\" data-e-type=\"widget\" data-widget_type=\"heading.default\">\n\t\t\t\t<div class=\"elementor-widget-container\">\n\t\t\t\t\t<h2 class=\"elementor-heading-title elementor-size-default\">N<\/h2>\t\t\t\t<\/div>\n\t\t\t\t<\/div>\n\t\t\t\t<div class=\"elementor-element elementor-element-c521ed6 elementor-widget elementor-widget-text-editor\" data-id=\"c521ed6\" data-element_type=\"widget\" data-e-type=\"widget\" data-widget_type=\"text-editor.default\">\n\t\t\t\t<div class=\"elementor-widget-container\">\n\t\t\t\t\t\t\t\t\t<p>Ng, Juan Diego<\/p><p>Nu\u00f1ez, Mariel<\/p>\t\t\t\t\t\t\t\t<\/div>\n\t\t\t\t<\/div>\n\t\t\t\t<div class=\"elementor-element elementor-element-596406f elementor-widget elementor-widget-heading\" data-id=\"596406f\" data-element_type=\"widget\" data-e-type=\"widget\" data-widget_type=\"heading.default\">\n\t\t\t\t<div class=\"elementor-widget-container\">\n\t\t\t\t\t<h2 class=\"elementor-heading-title elementor-size-default\">P<\/h2>\t\t\t\t<\/div>\n\t\t\t\t<\/div>\n\t\t\t\t<div class=\"elementor-element elementor-element-9f6d0e8 elementor-widget elementor-widget-text-editor\" data-id=\"9f6d0e8\" data-element_type=\"widget\" data-e-type=\"widget\" data-widget_type=\"text-editor.default\">\n\t\t\t\t<div class=\"elementor-widget-container\">\n\t\t\t\t\t\t\t\t\tP\u00e9rez de Palma, Idelcarmen<br\/>\nPorras, Eduardo\t\t\t\t\t\t\t\t<\/div>\n\t\t\t\t<\/div>\n\t\t\t\t<div class=\"elementor-element elementor-element-807dba2 elementor-widget elementor-widget-heading\" data-id=\"807dba2\" data-element_type=\"widget\" data-e-type=\"widget\" data-widget_type=\"heading.default\">\n\t\t\t\t<div class=\"elementor-widget-container\">\n\t\t\t\t\t<h2 class=\"elementor-heading-title elementor-size-default\">R<\/h2>\t\t\t\t<\/div>\n\t\t\t\t<\/div>\n\t\t\t\t<div class=\"elementor-element elementor-element-baf3a92 elementor-widget elementor-widget-text-editor\" data-id=\"baf3a92\" data-element_type=\"widget\" data-e-type=\"widget\" data-widget_type=\"text-editor.default\">\n\t\t\t\t<div class=\"elementor-widget-container\">\n\t\t\t\t\t\t\t\t\t<p>Rosas, Ausberto<\/p>\t\t\t\t\t\t\t\t<\/div>\n\t\t\t\t<\/div>\n\t\t\t\t<div class=\"elementor-element elementor-element-a3e6f3e elementor-widget elementor-widget-heading\" data-id=\"a3e6f3e\" data-element_type=\"widget\" data-e-type=\"widget\" data-widget_type=\"heading.default\">\n\t\t\t\t<div class=\"elementor-widget-container\">\n\t\t\t\t\t<h2 class=\"elementor-heading-title elementor-size-default\">S<\/h2>\t\t\t\t<\/div>\n\t\t\t\t<\/div>\n\t\t\t\t<div class=\"elementor-element elementor-element-e0baac4 elementor-widget elementor-widget-text-editor\" data-id=\"e0baac4\" data-element_type=\"widget\" data-e-type=\"widget\" data-widget_type=\"text-editor.default\">\n\t\t\t\t<div class=\"elementor-widget-container\">\n\t\t\t\t\t\t\t\t\t<p>S\u00e1nchez, Liliana<br \/>Sol\u00eds, Ivy<br \/>Spiegel de Mir\u00f3, Mar\u00eda I.<br \/>Sucre Gonz\u00e1lez, Aldo Andr\u00e9<\/p>\t\t\t\t\t\t\t\t<\/div>\n\t\t\t\t<\/div>\n\t\t\t\t<div class=\"elementor-element elementor-element-ff16e95 elementor-widget elementor-widget-heading\" data-id=\"ff16e95\" data-element_type=\"widget\" data-e-type=\"widget\" data-widget_type=\"heading.default\">\n\t\t\t\t<div class=\"elementor-widget-container\">\n\t\t\t\t\t<h2 class=\"elementor-heading-title elementor-size-default\">V<\/h2>\t\t\t\t<\/div>\n\t\t\t\t<\/div>\n\t\t\t\t<div class=\"elementor-element elementor-element-cd50512 elementor-widget elementor-widget-text-editor\" data-id=\"cd50512\" data-element_type=\"widget\" data-e-type=\"widget\" data-widget_type=\"text-editor.default\">\n\t\t\t\t<div class=\"elementor-widget-container\">\n\t\t\t\t\t\t\t\t\t<p>V\u00e1squez, Mar\u00ed\u00ada del Pilar<\/p>\t\t\t\t\t\t\t\t<\/div>\n\t\t\t\t<\/div>\n\t\t\t\t\t<\/div>\n\t\t<\/div>\n\t\t\t\t\t<\/div>\n\t\t<\/section>\n\t\t\t\t<section class=\"elementor-section elementor-top-section elementor-element elementor-element-402e7c1 elementor-section-boxed elementor-section-height-default elementor-section-height-default\" data-id=\"402e7c1\" data-element_type=\"section\" data-e-type=\"section\">\n\t\t\t\t\t\t<div class=\"elementor-container elementor-column-gap-default\">\n\t\t\t\t\t<div class=\"elementor-column elementor-col-100 elementor-top-column elementor-element elementor-element-a4574da\" data-id=\"a4574da\" data-element_type=\"column\" data-e-type=\"column\">\n\t\t\t<div class=\"elementor-widget-wrap elementor-element-populated\">\n\t\t\t\t\t\t<div class=\"elementor-element elementor-element-4e579b8 elementor-widget elementor-widget-spacer\" data-id=\"4e579b8\" data-element_type=\"widget\" data-e-type=\"widget\" data-widget_type=\"spacer.default\">\n\t\t\t\t<div class=\"elementor-widget-container\">\n\t\t\t\t\t\t\t<div class=\"elementor-spacer\">\n\t\t\t<div class=\"elementor-spacer-inner\"><\/div>\n\t\t<\/div>\n\t\t\t\t\t\t<\/div>\n\t\t\t\t<\/div>\n\t\t\t\t\t<\/div>\n\t\t<\/div>\n\t\t\t\t\t<\/div>\n\t\t<\/section>\n\t\t\t\t<\/div>\n\t\t","protected":false},"excerpt":{"rendered":"<p>ARBITRATION Secretaries A Arosemena, Ana Elena Arosemena, Lexaira B B\u00e1rcenas, Juan David Bonadies, Leonardo C Casta\u00f1edas, Dayra Castillo, Sheyla Castillo Arjona, M\u00f3nica Chevalier, Alejandro E Ense\u00f1at, Lilibeth Estrada, Ericka F Figueroa, Miriam G. J Jaime, Margie-Lys Juarez, Claudia Juliao, Rin\u00e9e L Lee, Sophia A.Lopez, Esteban M Martin Graell, Lesley N Ng, Juan Diego Nu\u00f1ez, Mariel [&hellip;]<\/p>\n","protected":false},"author":1,"featured_media":0,"parent":0,"menu_order":0,"comment_status":"closed","ping_status":"closed","template":"","meta":{"site-sidebar-layout":"no-sidebar","site-content-layout":"page-builder","ast-site-content-layout":"","site-content-style":"default","site-sidebar-style":"default","ast-global-header-display":"","ast-banner-title-visibility":"","ast-main-header-display":"","ast-hfb-above-header-display":"","ast-hfb-below-header-display":"","ast-hfb-mobile-header-display":"","site-post-title":"disabled","ast-breadcrumbs-content":"","ast-featured-img":"disabled","footer-sml-layout":"","theme-transparent-header-meta":"disabled","adv-header-id-meta":"","stick-header-meta":"","header-above-stick-meta":"","header-main-stick-meta":"","header-below-stick-meta":"","astra-migrate-meta-layouts":"default","ast-page-background-enabled":"default","ast-page-background-meta":{"desktop":{"background-color":"","background-image":"","background-repeat":"repeat","background-position":"center center","background-size":"auto","background-attachment":"scroll","background-type":"","background-media":"","overlay-type":"","overlay-color":"","overlay-opacity":"","overlay-gradient":""},"tablet":{"background-color":"","background-image":"","background-repeat":"repeat","background-position":"center center","background-size":"auto","background-attachment":"scroll","background-type":"","background-media":"","overlay-type":"","overlay-color":"","overlay-opacity":"","overlay-gradient":""},"mobile":{"background-color":"","background-image":"","background-repeat":"repeat","background-position":"center center","background-size":"auto","background-attachment":"scroll","background-type":"","background-media":"","overlay-type":"","overlay-color":"","overlay-opacity":"","overlay-gradient":""}},"ast-content-background-meta":{"desktop":{"background-color":"var(--ast-global-color-5)","background-image":"","background-repeat":"repeat","background-position":"center center","background-size":"auto","background-attachment":"scroll","background-type":"","background-media":"","overlay-type":"","overlay-color":"","overlay-opacity":"","overlay-gradient":""},"tablet":{"background-color":"var(--ast-global-color-5)","background-image":"","background-repeat":"repeat","background-position":"center center","background-size":"auto","background-attachment":"scroll","background-type":"","background-media":"","overlay-type":"","overlay-color":"","overlay-opacity":"","overlay-gradient":""},"mobile":{"background-color":"var(--ast-global-color-5)","background-image":"","background-repeat":"repeat","background-position":"center center","background-size":"auto","background-attachment":"scroll","background-type":"","background-media":"","overlay-type":"","overlay-color":"","overlay-opacity":"","overlay-gradient":""}},"footnotes":""},"class_list":["post-2186","page","type-page","status-publish","hentry"],"yoast_head":"<!-- This site is optimized with the Yoast SEO plugin v25.6 - https:\/\/yoast.com\/wordpress\/plugins\/seo\/ -->\n<title>Secretaries | CESCON Centro de Soluci\u00f3n de Conflictos<\/title>\n<meta name=\"robots\" content=\"index, follow, max-snippet:-1, max-image-preview:large, max-video-preview:-1\" \/>\n<link rel=\"canonical\" href=\"https:\/\/cescon.org\/en\/secretaries\/\" \/>\n<meta property=\"og:locale\" content=\"en_US\" \/>\n<meta property=\"og:type\" content=\"article\" \/>\n<meta property=\"og:title\" content=\"Secretaries | CESCON Centro de Soluci\u00f3n de Conflictos\" \/>\n<meta property=\"og:description\" content=\"ARBITRATION Secretaries A Arosemena, Ana Elena Arosemena, Lexaira B B\u00e1rcenas, Juan David Bonadies, Leonardo C Casta\u00f1edas, Dayra Castillo, Sheyla Castillo Arjona, M\u00f3nica Chevalier, Alejandro E Ense\u00f1at, Lilibeth Estrada, Ericka F Figueroa, Miriam G. J Jaime, Margie-Lys Juarez, Claudia Juliao, Rin\u00e9e L Lee, Sophia A.Lopez, Esteban M Martin Graell, Lesley N Ng, Juan Diego Nu\u00f1ez, Mariel [&hellip;]\" \/>\n<meta property=\"og:url\" content=\"https:\/\/cescon.org\/en\/secretaries\/\" \/>\n<meta property=\"og:site_name\" content=\"CESCON Centro de Soluci\u00f3n de Conflictos\" \/>\n<meta property=\"article:modified_time\" content=\"2025-05-21T04:07:22+00:00\" \/>\n<meta name=\"twitter:card\" content=\"summary_large_image\" \/>\n<meta name=\"twitter:label1\" content=\"Est. reading time\" \/>\n\t<meta name=\"twitter:data1\" content=\"1 minute\" \/>\n<script type=\"application\/ld+json\" class=\"yoast-schema-graph\">{\"@context\":\"https:\/\/schema.org\",\"@graph\":[{\"@type\":\"WebPage\",\"@id\":\"https:\/\/cescon.org\/en\/secretaries\/\",\"url\":\"https:\/\/cescon.org\/en\/secretaries\/\",\"name\":\"Secretaries | CESCON Centro de Soluci\u00f3n de Conflictos\",\"isPartOf\":{\"@id\":\"https:\/\/cescon.org\/en\/#website\"},\"datePublished\":\"2022-03-20T07:24:47+00:00\",\"dateModified\":\"2025-05-21T04:07:22+00:00\",\"breadcrumb\":{\"@id\":\"https:\/\/cescon.org\/en\/secretaries\/#breadcrumb\"},\"inLanguage\":\"en-US\",\"potentialAction\":[{\"@type\":\"ReadAction\",\"target\":[\"https:\/\/cescon.org\/en\/secretaries\/\"]}]},{\"@type\":\"BreadcrumbList\",\"@id\":\"https:\/\/cescon.org\/en\/secretaries\/#breadcrumb\",\"itemListElement\":[{\"@type\":\"ListItem\",\"position\":1,\"name\":\"Portada\",\"item\":\"https:\/\/cescon.org\/en\/\"},{\"@type\":\"ListItem\",\"position\":2,\"name\":\"Secretaries\"}]},{\"@type\":\"WebSite\",\"@id\":\"https:\/\/cescon.org\/en\/#website\",\"url\":\"https:\/\/cescon.org\/en\/\",\"name\":\"CESCON Centro de Soluci\u00f3n de Conflictos\",\"description\":\"\",\"publisher\":{\"@id\":\"https:\/\/cescon.org\/en\/#organization\"},\"potentialAction\":[{\"@type\":\"SearchAction\",\"target\":{\"@type\":\"EntryPoint\",\"urlTemplate\":\"https:\/\/cescon.org\/en\/?s={search_term_string}\"},\"query-input\":{\"@type\":\"PropertyValueSpecification\",\"valueRequired\":true,\"valueName\":\"search_term_string\"}}],\"inLanguage\":\"en-US\"},{\"@type\":\"Organization\",\"@id\":\"https:\/\/cescon.org\/en\/#organization\",\"name\":\"Centro de Soluci\u00f3n de Conflictos\",\"url\":\"https:\/\/cescon.org\/en\/\",\"logo\":{\"@type\":\"ImageObject\",\"inLanguage\":\"en-US\",\"@id\":\"https:\/\/cescon.org\/en\/#\/schema\/logo\/image\/\",\"url\":\"https:\/\/cescon.org\/wp-content\/uploads\/2020\/08\/cesconlogo-01.png\",\"contentUrl\":\"https:\/\/cescon.org\/wp-content\/uploads\/2020\/08\/cesconlogo-01.png\",\"width\":401,\"height\":81,\"caption\":\"Centro de Soluci\u00f3n de Conflictos\"},\"image\":{\"@id\":\"https:\/\/cescon.org\/en\/#\/schema\/logo\/image\/\"}}]}<\/script>\n<!-- \/ Yoast SEO plugin. -->","yoast_head_json":{"title":"Secretaries | CESCON Centro de Soluci\u00f3n de Conflictos","robots":{"index":"index","follow":"follow","max-snippet":"max-snippet:-1","max-image-preview":"max-image-preview:large","max-video-preview":"max-video-preview:-1"},"canonical":"https:\/\/cescon.org\/en\/secretaries\/","og_locale":"en_US","og_type":"article","og_title":"Secretaries | CESCON Centro de Soluci\u00f3n de Conflictos","og_description":"ARBITRATION Secretaries A Arosemena, Ana Elena Arosemena, Lexaira B B\u00e1rcenas, Juan David Bonadies, Leonardo C Casta\u00f1edas, Dayra Castillo, Sheyla Castillo Arjona, M\u00f3nica Chevalier, Alejandro E Ense\u00f1at, Lilibeth Estrada, Ericka F Figueroa, Miriam G. J Jaime, Margie-Lys Juarez, Claudia Juliao, Rin\u00e9e L Lee, Sophia A.Lopez, Esteban M Martin Graell, Lesley N Ng, Juan Diego Nu\u00f1ez, Mariel [&hellip;]","og_url":"https:\/\/cescon.org\/en\/secretaries\/","og_site_name":"CESCON Centro de Soluci\u00f3n de Conflictos","article_modified_time":"2025-05-21T04:07:22+00:00","twitter_card":"summary_large_image","twitter_misc":{"Est. reading time":"1 minute"},"schema":{"@context":"https:\/\/schema.org","@graph":[{"@type":"WebPage","@id":"https:\/\/cescon.org\/en\/secretaries\/","url":"https:\/\/cescon.org\/en\/secretaries\/","name":"Secretaries | CESCON Centro de Soluci\u00f3n de Conflictos","isPartOf":{"@id":"https:\/\/cescon.org\/en\/#website"},"datePublished":"2022-03-20T07:24:47+00:00","dateModified":"2025-05-21T04:07:22+00:00","breadcrumb":{"@id":"https:\/\/cescon.org\/en\/secretaries\/#breadcrumb"},"inLanguage":"en-US","potentialAction":[{"@type":"ReadAction","target":["https:\/\/cescon.org\/en\/secretaries\/"]}]},{"@type":"BreadcrumbList","@id":"https:\/\/cescon.org\/en\/secretaries\/#breadcrumb","itemListElement":[{"@type":"ListItem","position":1,"name":"Portada","item":"https:\/\/cescon.org\/en\/"},{"@type":"ListItem","position":2,"name":"Secretaries"}]},{"@type":"WebSite","@id":"https:\/\/cescon.org\/en\/#website","url":"https:\/\/cescon.org\/en\/","name":"CESCON Centro de Soluci\u00f3n de Conflictos","description":"","publisher":{"@id":"https:\/\/cescon.org\/en\/#organization"},"potentialAction":[{"@type":"SearchAction","target":{"@type":"EntryPoint","urlTemplate":"https:\/\/cescon.org\/en\/?s={search_term_string}"},"query-input":{"@type":"PropertyValueSpecification","valueRequired":true,"valueName":"search_term_string"}}],"inLanguage":"en-US"},{"@type":"Organization","@id":"https:\/\/cescon.org\/en\/#organization","name":"Centro de Soluci\u00f3n de Conflictos","url":"https:\/\/cescon.org\/en\/","logo":{"@type":"ImageObject","inLanguage":"en-US","@id":"https:\/\/cescon.org\/en\/#\/schema\/logo\/image\/","url":"https:\/\/cescon.org\/wp-content\/uploads\/2020\/08\/cesconlogo-01.png","contentUrl":"https:\/\/cescon.org\/wp-content\/uploads\/2020\/08\/cesconlogo-01.png","width":401,"height":81,"caption":"Centro de Soluci\u00f3n de Conflictos"},"image":{"@id":"https:\/\/cescon.org\/en\/#\/schema\/logo\/image\/"}}]}},"_links":{"self":[{"href":"https:\/\/cescon.org\/en\/wp-json\/wp\/v2\/pages\/2186","targetHints":{"allow":["GET"]}}],"collection":[{"href":"https:\/\/cescon.org\/en\/wp-json\/wp\/v2\/pages"}],"about":[{"href":"https:\/\/cescon.org\/en\/wp-json\/wp\/v2\/types\/page"}],"author":[{"embeddable":true,"href":"https:\/\/cescon.org\/en\/wp-json\/wp\/v2\/users\/1"}],"replies":[{"embeddable":true,"href":"https:\/\/cescon.org\/en\/wp-json\/wp\/v2\/comments?post=2186"}],"version-history":[{"count":10,"href":"https:\/\/cescon.org\/en\/wp-json\/wp\/v2\/pages\/2186\/revisions"}],"predecessor-version":[{"id":3009,"href":"https:\/\/cescon.org\/en\/wp-json\/wp\/v2\/pages\/2186\/revisions\/3009"}],"wp:attachment":[{"href":"https:\/\/cescon.org\/en\/wp-json\/wp\/v2\/media?parent=2186"}],"curies":[{"name":"wp","href":"https:\/\/api.w.org\/{rel}","templated":true}]}}