{"id":2132,"date":"2022-03-10T23:47:30","date_gmt":"2022-03-10T23:47:30","guid":{"rendered":"https:\/\/cescon.org\/reglamentos-codigo-de-etica\/"},"modified":"2022-05-09T19:26:59","modified_gmt":"2022-05-09T19:26:59","slug":"regulations-code-of-ethics","status":"publish","type":"page","link":"https:\/\/cescon.org\/en\/regulations-code-of-ethics\/","title":{"rendered":"Regulations Code of Ethics"},"content":{"rendered":"\t\t<div data-elementor-type=\"wp-page\" data-elementor-id=\"2132\" class=\"elementor elementor-2132\" data-elementor-post-type=\"page\">\n\t\t\t\t\t\t<section class=\"elementor-section elementor-top-section elementor-element elementor-element-208e7fa elementor-section-full_width elementor-section-height-default elementor-section-height-default\" data-id=\"208e7fa\" data-element_type=\"section\" data-e-type=\"section\" data-settings=\"{&quot;background_background&quot;:&quot;classic&quot;,&quot;background_motion_fx_motion_fx_scrolling&quot;:&quot;yes&quot;,&quot;background_motion_fx_devices&quot;:[&quot;desktop&quot;,&quot;tablet&quot;,&quot;mobile&quot;]}\">\n\t\t\t\t\t\t\t<div class=\"elementor-background-overlay\"><\/div>\n\t\t\t\t\t\t\t<div class=\"elementor-container elementor-column-gap-no\">\n\t\t\t\t\t<div class=\"elementor-column elementor-col-100 elementor-top-column elementor-element elementor-element-2f77155\" data-id=\"2f77155\" data-element_type=\"column\" data-e-type=\"column\">\n\t\t\t<div class=\"elementor-widget-wrap elementor-element-populated\">\n\t\t\t\t\t\t<div class=\"elementor-element elementor-element-104c023 elementor-widget elementor-widget-heading\" data-id=\"104c023\" data-element_type=\"widget\" data-e-type=\"widget\" data-widget_type=\"heading.default\">\n\t\t\t\t<div class=\"elementor-widget-container\">\n\t\t\t\t\t<h2 class=\"elementor-heading-title elementor-size-default\">REGULATIONS<\/h2>\t\t\t\t<\/div>\n\t\t\t\t<\/div>\n\t\t\t\t<div class=\"elementor-element elementor-element-e4e9ea5 elementor-widget elementor-widget-heading\" data-id=\"e4e9ea5\" data-element_type=\"widget\" data-e-type=\"widget\" data-widget_type=\"heading.default\">\n\t\t\t\t<div class=\"elementor-widget-container\">\n\t\t\t\t\t<h1 class=\"elementor-heading-title elementor-size-xxl\">Code of Ethics<\/h1>\t\t\t\t<\/div>\n\t\t\t\t<\/div>\n\t\t\t\t<div class=\"elementor-element elementor-element-d0b37bd elementor-widget elementor-widget-spacer\" data-id=\"d0b37bd\" data-element_type=\"widget\" data-e-type=\"widget\" data-widget_type=\"spacer.default\">\n\t\t\t\t<div class=\"elementor-widget-container\">\n\t\t\t\t\t\t\t<div class=\"elementor-spacer\">\n\t\t\t<div class=\"elementor-spacer-inner\"><\/div>\n\t\t<\/div>\n\t\t\t\t\t\t<\/div>\n\t\t\t\t<\/div>\n\t\t\t\t\t<\/div>\n\t\t<\/div>\n\t\t\t\t\t<\/div>\n\t\t<\/section>\n\t\t\t\t<section class=\"elementor-section elementor-top-section elementor-element elementor-element-50c50b6 elementor-section-boxed elementor-section-height-default elementor-section-height-default\" data-id=\"50c50b6\" data-element_type=\"section\" data-e-type=\"section\" data-settings=\"{&quot;background_background&quot;:&quot;classic&quot;}\">\n\t\t\t\t\t\t<div class=\"elementor-container elementor-column-gap-default\">\n\t\t\t\t\t<div class=\"elementor-column elementor-col-100 elementor-top-column elementor-element elementor-element-b1feba3\" data-id=\"b1feba3\" data-element_type=\"column\" data-e-type=\"column\">\n\t\t\t<div class=\"elementor-widget-wrap elementor-element-populated\">\n\t\t\t\t\t\t<div class=\"elementor-element elementor-element-29697f3 elementor-widget elementor-widget-text-editor\" data-id=\"29697f3\" data-element_type=\"widget\" data-e-type=\"widget\" data-widget_type=\"text-editor.default\">\n\t\t\t\t<div class=\"elementor-widget-container\">\n\t\t\t\t\t\t\t\t\t<p>The Board of Directors of the Center for Conflict Resolution (Centro de Resolucion de Conflictos, CESCON), issues these Regulations, by virtue of the powers granted by its Constitutive Statute.<\/p>\t\t\t\t\t\t\t\t<\/div>\n\t\t\t\t<\/div>\n\t\t\t\t<div class=\"elementor-element elementor-element-1e41ba6 elementor-widget elementor-widget-text-editor\" data-id=\"1e41ba6\" data-element_type=\"widget\" data-e-type=\"widget\" data-widget_type=\"text-editor.default\">\n\t\t\t\t<div class=\"elementor-widget-container\">\n\t\t\t\t\t\t\t\t\t<p>Code of Ethics<\/p>\t\t\t\t\t\t\t\t<\/div>\n\t\t\t\t<\/div>\n\t\t\t\t<div class=\"elementor-element elementor-element-4ca457b elementor-align-center elementor-widget elementor-widget-button\" data-id=\"4ca457b\" data-element_type=\"widget\" data-e-type=\"widget\" data-widget_type=\"button.default\">\n\t\t\t\t<div class=\"elementor-widget-container\">\n\t\t\t\t\t\t\t\t\t<div class=\"elementor-button-wrapper\">\n\t\t\t\t\t<a class=\"elementor-button elementor-button-link elementor-size-sm\" href=\"https:\/\/cescon.org\/wp-content\/uploads\/2022\/05\/Co\u0301digo-de-E\u0301tica_CESCON.pdf\" target=\"_blank\">\n\t\t\t\t\t\t<span class=\"elementor-button-content-wrapper\">\n\t\t\t\t\t\t\t\t\t<span class=\"elementor-button-text\">Download<\/span>\n\t\t\t\t\t<\/span>\n\t\t\t\t\t<\/a>\n\t\t\t\t<\/div>\n\t\t\t\t\t\t\t\t<\/div>\n\t\t\t\t<\/div>\n\t\t\t\t\t<\/div>\n\t\t<\/div>\n\t\t\t\t\t<\/div>\n\t\t<\/section>\n\t\t\t\t<section class=\"elementor-section elementor-top-section elementor-element elementor-element-f29a448 elementor-hidden-desktop elementor-hidden-tablet elementor-hidden-mobile elementor-section-boxed elementor-section-height-default elementor-section-height-default\" data-id=\"f29a448\" data-element_type=\"section\" data-e-type=\"section\" data-settings=\"{&quot;background_background&quot;:&quot;classic&quot;}\">\n\t\t\t\t\t\t<div class=\"elementor-container elementor-column-gap-default\">\n\t\t\t\t\t<div class=\"elementor-column elementor-col-100 elementor-top-column elementor-element elementor-element-78ec9e7\" data-id=\"78ec9e7\" data-element_type=\"column\" data-e-type=\"column\">\n\t\t\t<div class=\"elementor-widget-wrap elementor-element-populated\">\n\t\t\t\t\t\t<div class=\"elementor-element elementor-element-4aca868 elementor-widget elementor-widget-heading\" data-id=\"4aca868\" data-element_type=\"widget\" data-e-type=\"widget\" data-widget_type=\"heading.default\">\n\t\t\t\t<div class=\"elementor-widget-container\">\n\t\t\t\t\t<h3 class=\"elementor-heading-title elementor-size-default\">Para Mediadores, Conciliadores, \u00c1rbitros, Secretarios y Peritos<\/h3>\t\t\t\t<\/div>\n\t\t\t\t<\/div>\n\t\t\t\t<div class=\"elementor-element elementor-element-0e68884 elementor-widget elementor-widget-text-editor\" data-id=\"0e68884\" data-element_type=\"widget\" data-e-type=\"widget\" data-widget_type=\"text-editor.default\">\n\t\t\t\t<div class=\"elementor-widget-container\">\n\t\t\t\t\t\t\t\t\t<p>El presente C\u00f3digo de \u00c9tica ser\u00e1 aplicable tanto a Mediadores, Conciliadores, \u00c1rbitros, Secretarios y Peritos que participen en los procesos administrados por CESCON. El C\u00f3digo de \u00c9tica establece las normas y principios que en su actuar deben seguir las personas que desempe\u00f1an los cargos mencionados.<\/p><p><strong>Art\u00edculo 1. \u00c9tica<\/strong><\/p><p>En el Centro, los \u00e1rbitros, mediadores, conciliadores y secretarios deber\u00e1n comportarse en el ejercicio del cargo profesional asumido, bajo las m\u00e1s estrictas normas \u00e9ticas de conducta. En este sentido, deben actuar fundados en los principios de igualdad, justicia y respeto a la ley.<\/p><p><strong>Art\u00edculo 2. Transparencia y Diligencia<\/strong><\/p><p>Los \u00e1rbitros, mediadores, conciliadores y secretarios asumen un compromiso profesional con las partes, con su profesi\u00f3n y con la sociedad. En este cometido, deben actuar de manera transparente con las partes involucradas, ser honestos e imparciales, diligentes y atentos en el desempe\u00f1o del trabajo, y asegurar no tener un inter\u00e9s propio en el acuerdo y\/o laudo que profieran.<\/p><p><strong>Art\u00edculo 3. Imparcialidad<\/strong><\/p><p>Es deber de los \u00e1rbitros, mediadores y conciliadores mantener una conducta imparcial y equilibrada respecto de las partes, de los asuntos y cuestiones planteadas. En consecuencia, no podr\u00e1n adoptar posturas que manifiesten un inter\u00e9s personal en el caso asignado o cualquier inter\u00e9s frente al asunto que es materia de conflicto. S\u00ed en cualquier momento los \u00e1rbitros, mediadores o conciliadores no pudiesen dirigir el proceso en la forma y modo mencionado, deber\u00e1n de inmediato renunciar al cargo.<\/p><p><strong>Art\u00edculo 4. Conflicto de Inter\u00e9s<\/strong><\/p><p>Es obligaci\u00f3n de los \u00e1rbitros, mediadores y conciliadores revelar todo y cualquier conflicto de inter\u00e9s real o potencial de cualquier naturaleza, como haber actuado para cualquiera de las partes como asesor legal, consejero, \u00e1rbitro, juez, fiscal, testigo o en cualquier otro papel, as\u00ed como cualquier otra circunstancia que indique un conflicto de inter\u00e9s que pueda restarle neutralidad o imparcialidad con respecto al caso.<br \/>Los \u00e1rbitros, mediadores y conciliadores deben en todo momento actuar de manera diligente en la cuesti\u00f3n a fin de demostrar un esfuerzo razonable para determinar s\u00ed existe o no un conflicto de inter\u00e9s. Si existiere, los \u00e1rbitros, mediadores y conciliadores renunciar\u00e1n al proceso, salvo el consentimiento expreso de todas las partes a la participaci\u00f3n de los mismos.<br \/>La obligaci\u00f3n de revelar un conflicto de inter\u00e9s se mantendr\u00e1 durante todo el proceso.<\/p><p><strong>Art\u00edculo 5. Prohibici\u00f3n<\/strong><\/p><p>Est\u00e1 absolutamente prohibido a los \u00e1rbitros, mediadores y conciliadores, recibir de una de las partes sin presencia de la otra, ninguna informaci\u00f3n, datos o documentos de naturaleza alguna, ni emitir parecer que pueda afectar directa o indirectamente el derecho de alguna de las partes, salvo que la otra haya sido debidamente notificada y su ausencia no se encuentre justificada.<\/p><p><strong>Art\u00edculo 6. Prohibici\u00f3n de Asesorar<\/strong><\/p><p>Queda prohibido a los \u00e1rbitros, mediadores y conciliadores actuar en el futuro como representantes, asesores o consultores de cualquiera de las partes en el caso en que hubieran actuado como \u00e1rbitros o mediadores, as\u00ed como en controversias sustancialmente relacionadas con el mismo, salvo que obtengan la autorizaci\u00f3n por escrito de todas las partes en cuesti\u00f3n.<\/p><p><strong>Art\u00edculo 7. Prohibici\u00f3n de Informar<\/strong><\/p><p>Queda prohibido a los \u00e1rbitros, mediadores y conciliadores, por el motivo que fuere informar a terceros sobre el desarrollo del proceso sometido a mediaci\u00f3n, arbitraje o conciliaci\u00f3n y se obligan a mantener la confidencialidad del caso, salvo en aquellos casos en que la ley lo obligue o sea requerido por una autoridad judicial.<\/p><p><strong>Art\u00edculo 8. Intereses No Representados<\/strong><\/p><p>Cuando los \u00e1rbitros, mediadores y conciliadores adviertan que existen intereses no presentes ni representados en la mediaci\u00f3n, conciliaci\u00f3n o en el proceso arbitral y que las partes no han considerado y que pudieran resultar afectados por la transacci\u00f3n o laudo, deber\u00e1n hacerlo saber a las partes y sugerir la integraci\u00f3n del procedimiento con dichos terceros.<\/p><p>Los mediadores y conciliadores deben poner el mejor esfuerzo para informar a las partes de los efectos precisos, claros y concluyentes de la transacci\u00f3n, inclusive sobre los derechos que renuncian y aquellos que se comprometen a no reclamar antes de que suscriba el acta de transacci\u00f3n. De igual manera deber\u00e1n informar, a la parte que est\u00e1 ante la posibilidad de invocar la exigencia de una norma legal que le proteja, la forma de aplicaci\u00f3n de la misma. Esta obligaci\u00f3n, no ser\u00e1 exigible en relaci\u00f3n con aquellos mediadores y conciliadores que no sean abogados.<\/p><p><strong>Art\u00edculo 9. Aceptaci\u00f3n del Cargo<\/strong><\/p><p>Una vez aceptado el encargo de \u00e1rbitro, mediador, conciliador o secretario el cumplimiento de las funciones es obligatorio, y no podr\u00e1n renunciar al cargo bajo el pretexto de actividades distintas, salvo inter\u00e9s en el caso y\/o fuerza mayor debidamente justificada. Es fundamental que los \u00e1rbitros, mediadores y conciliadores cumplan y hagan cumplir los plazos del procedimiento que corresponda para la substanciaci\u00f3n del caso que les sea encomendado.<\/p><p><strong>Art\u00edculo 10. Gastos y Honorarios<\/strong><\/p><p>Previo a la iniciaci\u00f3n del proceso, el Centro informara a las partes acerca del \u00c1rbitro, Mediador o Conciliador, de los gastos y honorarios que devenga el mismo, y la forma de pago.<\/p>\t\t\t\t\t\t\t\t<\/div>\n\t\t\t\t<\/div>\n\t\t\t\t\t<\/div>\n\t\t<\/div>\n\t\t\t\t\t<\/div>\n\t\t<\/section>\n\t\t\t\t<section class=\"elementor-section elementor-top-section elementor-element elementor-element-202be29 elementor-section-boxed elementor-section-height-default elementor-section-height-default\" data-id=\"202be29\" data-element_type=\"section\" data-e-type=\"section\">\n\t\t\t\t\t\t<div class=\"elementor-container elementor-column-gap-default\">\n\t\t\t\t\t<div class=\"elementor-column elementor-col-100 elementor-top-column elementor-element elementor-element-5f90ea5\" data-id=\"5f90ea5\" data-element_type=\"column\" data-e-type=\"column\">\n\t\t\t<div class=\"elementor-widget-wrap elementor-element-populated\">\n\t\t\t\t\t\t<div class=\"elementor-element elementor-element-7b2c3cd elementor-widget elementor-widget-spacer\" data-id=\"7b2c3cd\" data-element_type=\"widget\" data-e-type=\"widget\" data-widget_type=\"spacer.default\">\n\t\t\t\t<div class=\"elementor-widget-container\">\n\t\t\t\t\t\t\t<div class=\"elementor-spacer\">\n\t\t\t<div class=\"elementor-spacer-inner\"><\/div>\n\t\t<\/div>\n\t\t\t\t\t\t<\/div>\n\t\t\t\t<\/div>\n\t\t\t\t\t<\/div>\n\t\t<\/div>\n\t\t\t\t\t<\/div>\n\t\t<\/section>\n\t\t\t\t<\/div>\n\t\t","protected":false},"excerpt":{"rendered":"<p>REGULATIONS Code of Ethics The Board of Directors of the Center for Conflict Resolution (Centro de Resolucion de Conflictos, CESCON), issues these Regulations, by virtue of the powers granted by its Constitutive Statute. Code of Ethics Download Para Mediadores, Conciliadores, \u00c1rbitros, Secretarios y Peritos El presente C\u00f3digo de \u00c9tica ser\u00e1 aplicable tanto a Mediadores, Conciliadores, [&hellip;]<\/p>\n","protected":false},"author":1,"featured_media":0,"parent":0,"menu_order":0,"comment_status":"closed","ping_status":"closed","template":"","meta":{"site-sidebar-layout":"no-sidebar","site-content-layout":"page-builder","ast-site-content-layout":"","site-content-style":"default","site-sidebar-style":"default","ast-global-header-display":"","ast-banner-title-visibility":"","ast-main-header-display":"","ast-hfb-above-header-display":"","ast-hfb-below-header-display":"","ast-hfb-mobile-header-display":"","site-post-title":"disabled","ast-breadcrumbs-content":"","ast-featured-img":"disabled","footer-sml-layout":"","theme-transparent-header-meta":"disabled","adv-header-id-meta":"","stick-header-meta":"","header-above-stick-meta":"","header-main-stick-meta":"","header-below-stick-meta":"","astra-migrate-meta-layouts":"default","ast-page-background-enabled":"default","ast-page-background-meta":{"desktop":{"background-color":"","background-image":"","background-repeat":"repeat","background-position":"center center","background-size":"auto","background-attachment":"scroll","background-type":"","background-media":"","overlay-type":"","overlay-color":"","overlay-opacity":"","overlay-gradient":""},"tablet":{"background-color":"","background-image":"","background-repeat":"repeat","background-position":"center center","background-size":"auto","background-attachment":"scroll","background-type":"","background-media":"","overlay-type":"","overlay-color":"","overlay-opacity":"","overlay-gradient":""},"mobile":{"background-color":"","background-image":"","background-repeat":"repeat","background-position":"center center","background-size":"auto","background-attachment":"scroll","background-type":"","background-media":"","overlay-type":"","overlay-color":"","overlay-opacity":"","overlay-gradient":""}},"ast-content-background-meta":{"desktop":{"background-color":"var(--ast-global-color-5)","background-image":"","background-repeat":"repeat","background-position":"center center","background-size":"auto","background-attachment":"scroll","background-type":"","background-media":"","overlay-type":"","overlay-color":"","overlay-opacity":"","overlay-gradient":""},"tablet":{"background-color":"var(--ast-global-color-5)","background-image":"","background-repeat":"repeat","background-position":"center center","background-size":"auto","background-attachment":"scroll","background-type":"","background-media":"","overlay-type":"","overlay-color":"","overlay-opacity":"","overlay-gradient":""},"mobile":{"background-color":"var(--ast-global-color-5)","background-image":"","background-repeat":"repeat","background-position":"center center","background-size":"auto","background-attachment":"scroll","background-type":"","background-media":"","overlay-type":"","overlay-color":"","overlay-opacity":"","overlay-gradient":""}},"footnotes":""},"class_list":["post-2132","page","type-page","status-publish","hentry"],"yoast_head":"<!-- This site is optimized with the Yoast SEO plugin v25.6 - https:\/\/yoast.com\/wordpress\/plugins\/seo\/ -->\n<title>Regulations Code of Ethics | CESCON Centro de Soluci\u00f3n de Conflictos<\/title>\n<meta name=\"robots\" content=\"index, follow, max-snippet:-1, max-image-preview:large, max-video-preview:-1\" \/>\n<link rel=\"canonical\" href=\"https:\/\/cescon.org\/en\/regulations-code-of-ethics\/\" \/>\n<meta property=\"og:locale\" content=\"en_US\" \/>\n<meta property=\"og:type\" content=\"article\" \/>\n<meta property=\"og:title\" content=\"Regulations Code of Ethics | CESCON Centro de Soluci\u00f3n de Conflictos\" \/>\n<meta property=\"og:description\" content=\"REGULATIONS Code of Ethics The Board of Directors of the Center for Conflict Resolution (Centro de Resolucion de Conflictos, CESCON), issues these Regulations, by virtue of the powers granted by its Constitutive Statute. Code of Ethics Download Para Mediadores, Conciliadores, \u00c1rbitros, Secretarios y Peritos El presente C\u00f3digo de \u00c9tica ser\u00e1 aplicable tanto a Mediadores, Conciliadores, [&hellip;]\" \/>\n<meta property=\"og:url\" content=\"https:\/\/cescon.org\/en\/regulations-code-of-ethics\/\" \/>\n<meta property=\"og:site_name\" content=\"CESCON Centro de Soluci\u00f3n de Conflictos\" \/>\n<meta property=\"article:modified_time\" content=\"2022-05-09T19:26:59+00:00\" \/>\n<meta name=\"twitter:card\" content=\"summary_large_image\" \/>\n<meta name=\"twitter:label1\" content=\"Est. reading time\" \/>\n\t<meta name=\"twitter:data1\" content=\"4 minutes\" \/>\n<script type=\"application\/ld+json\" class=\"yoast-schema-graph\">{\"@context\":\"https:\/\/schema.org\",\"@graph\":[{\"@type\":\"WebPage\",\"@id\":\"https:\/\/cescon.org\/en\/regulations-code-of-ethics\/\",\"url\":\"https:\/\/cescon.org\/en\/regulations-code-of-ethics\/\",\"name\":\"Regulations Code of Ethics | CESCON Centro de Soluci\u00f3n de Conflictos\",\"isPartOf\":{\"@id\":\"https:\/\/cescon.org\/en\/#website\"},\"datePublished\":\"2022-03-10T23:47:30+00:00\",\"dateModified\":\"2022-05-09T19:26:59+00:00\",\"breadcrumb\":{\"@id\":\"https:\/\/cescon.org\/en\/regulations-code-of-ethics\/#breadcrumb\"},\"inLanguage\":\"en-US\",\"potentialAction\":[{\"@type\":\"ReadAction\",\"target\":[\"https:\/\/cescon.org\/en\/regulations-code-of-ethics\/\"]}]},{\"@type\":\"BreadcrumbList\",\"@id\":\"https:\/\/cescon.org\/en\/regulations-code-of-ethics\/#breadcrumb\",\"itemListElement\":[{\"@type\":\"ListItem\",\"position\":1,\"name\":\"Portada\",\"item\":\"https:\/\/cescon.org\/en\/\"},{\"@type\":\"ListItem\",\"position\":2,\"name\":\"Regulations Code of Ethics\"}]},{\"@type\":\"WebSite\",\"@id\":\"https:\/\/cescon.org\/en\/#website\",\"url\":\"https:\/\/cescon.org\/en\/\",\"name\":\"CESCON Centro de Soluci\u00f3n de Conflictos\",\"description\":\"\",\"publisher\":{\"@id\":\"https:\/\/cescon.org\/en\/#organization\"},\"potentialAction\":[{\"@type\":\"SearchAction\",\"target\":{\"@type\":\"EntryPoint\",\"urlTemplate\":\"https:\/\/cescon.org\/en\/?s={search_term_string}\"},\"query-input\":{\"@type\":\"PropertyValueSpecification\",\"valueRequired\":true,\"valueName\":\"search_term_string\"}}],\"inLanguage\":\"en-US\"},{\"@type\":\"Organization\",\"@id\":\"https:\/\/cescon.org\/en\/#organization\",\"name\":\"Centro de Soluci\u00f3n de Conflictos\",\"url\":\"https:\/\/cescon.org\/en\/\",\"logo\":{\"@type\":\"ImageObject\",\"inLanguage\":\"en-US\",\"@id\":\"https:\/\/cescon.org\/en\/#\/schema\/logo\/image\/\",\"url\":\"https:\/\/cescon.org\/wp-content\/uploads\/2020\/08\/cesconlogo-01.png\",\"contentUrl\":\"https:\/\/cescon.org\/wp-content\/uploads\/2020\/08\/cesconlogo-01.png\",\"width\":401,\"height\":81,\"caption\":\"Centro de Soluci\u00f3n de Conflictos\"},\"image\":{\"@id\":\"https:\/\/cescon.org\/en\/#\/schema\/logo\/image\/\"}}]}<\/script>\n<!-- \/ Yoast SEO plugin. -->","yoast_head_json":{"title":"Regulations Code of Ethics | CESCON Centro de Soluci\u00f3n de Conflictos","robots":{"index":"index","follow":"follow","max-snippet":"max-snippet:-1","max-image-preview":"max-image-preview:large","max-video-preview":"max-video-preview:-1"},"canonical":"https:\/\/cescon.org\/en\/regulations-code-of-ethics\/","og_locale":"en_US","og_type":"article","og_title":"Regulations Code of Ethics | CESCON Centro de Soluci\u00f3n de Conflictos","og_description":"REGULATIONS Code of Ethics The Board of Directors of the Center for Conflict Resolution (Centro de Resolucion de Conflictos, CESCON), issues these Regulations, by virtue of the powers granted by its Constitutive Statute. Code of Ethics Download Para Mediadores, Conciliadores, \u00c1rbitros, Secretarios y Peritos El presente C\u00f3digo de \u00c9tica ser\u00e1 aplicable tanto a Mediadores, Conciliadores, [&hellip;]","og_url":"https:\/\/cescon.org\/en\/regulations-code-of-ethics\/","og_site_name":"CESCON Centro de Soluci\u00f3n de Conflictos","article_modified_time":"2022-05-09T19:26:59+00:00","twitter_card":"summary_large_image","twitter_misc":{"Est. reading time":"4 minutes"},"schema":{"@context":"https:\/\/schema.org","@graph":[{"@type":"WebPage","@id":"https:\/\/cescon.org\/en\/regulations-code-of-ethics\/","url":"https:\/\/cescon.org\/en\/regulations-code-of-ethics\/","name":"Regulations Code of Ethics | CESCON Centro de Soluci\u00f3n de Conflictos","isPartOf":{"@id":"https:\/\/cescon.org\/en\/#website"},"datePublished":"2022-03-10T23:47:30+00:00","dateModified":"2022-05-09T19:26:59+00:00","breadcrumb":{"@id":"https:\/\/cescon.org\/en\/regulations-code-of-ethics\/#breadcrumb"},"inLanguage":"en-US","potentialAction":[{"@type":"ReadAction","target":["https:\/\/cescon.org\/en\/regulations-code-of-ethics\/"]}]},{"@type":"BreadcrumbList","@id":"https:\/\/cescon.org\/en\/regulations-code-of-ethics\/#breadcrumb","itemListElement":[{"@type":"ListItem","position":1,"name":"Portada","item":"https:\/\/cescon.org\/en\/"},{"@type":"ListItem","position":2,"name":"Regulations Code of Ethics"}]},{"@type":"WebSite","@id":"https:\/\/cescon.org\/en\/#website","url":"https:\/\/cescon.org\/en\/","name":"CESCON Centro de Soluci\u00f3n de Conflictos","description":"","publisher":{"@id":"https:\/\/cescon.org\/en\/#organization"},"potentialAction":[{"@type":"SearchAction","target":{"@type":"EntryPoint","urlTemplate":"https:\/\/cescon.org\/en\/?s={search_term_string}"},"query-input":{"@type":"PropertyValueSpecification","valueRequired":true,"valueName":"search_term_string"}}],"inLanguage":"en-US"},{"@type":"Organization","@id":"https:\/\/cescon.org\/en\/#organization","name":"Centro de Soluci\u00f3n de Conflictos","url":"https:\/\/cescon.org\/en\/","logo":{"@type":"ImageObject","inLanguage":"en-US","@id":"https:\/\/cescon.org\/en\/#\/schema\/logo\/image\/","url":"https:\/\/cescon.org\/wp-content\/uploads\/2020\/08\/cesconlogo-01.png","contentUrl":"https:\/\/cescon.org\/wp-content\/uploads\/2020\/08\/cesconlogo-01.png","width":401,"height":81,"caption":"Centro de Soluci\u00f3n de Conflictos"},"image":{"@id":"https:\/\/cescon.org\/en\/#\/schema\/logo\/image\/"}}]}},"_links":{"self":[{"href":"https:\/\/cescon.org\/en\/wp-json\/wp\/v2\/pages\/2132","targetHints":{"allow":["GET"]}}],"collection":[{"href":"https:\/\/cescon.org\/en\/wp-json\/wp\/v2\/pages"}],"about":[{"href":"https:\/\/cescon.org\/en\/wp-json\/wp\/v2\/types\/page"}],"author":[{"embeddable":true,"href":"https:\/\/cescon.org\/en\/wp-json\/wp\/v2\/users\/1"}],"replies":[{"embeddable":true,"href":"https:\/\/cescon.org\/en\/wp-json\/wp\/v2\/comments?post=2132"}],"version-history":[{"count":8,"href":"https:\/\/cescon.org\/en\/wp-json\/wp\/v2\/pages\/2132\/revisions"}],"predecessor-version":[{"id":2358,"href":"https:\/\/cescon.org\/en\/wp-json\/wp\/v2\/pages\/2132\/revisions\/2358"}],"wp:attachment":[{"href":"https:\/\/cescon.org\/en\/wp-json\/wp\/v2\/media?parent=2132"}],"curies":[{"name":"wp","href":"https:\/\/api.w.org\/{rel}","templated":true}]}}