{"id":2080,"date":"2022-03-17T21:11:37","date_gmt":"2022-03-17T21:11:37","guid":{"rendered":"https:\/\/cescon.org\/resolucion-de-conflictos-maritimos-en-panama\/"},"modified":"2022-04-27T06:33:42","modified_gmt":"2022-04-27T06:33:42","slug":"maritime-arbitration-service-in-panama","status":"publish","type":"page","link":"https:\/\/cescon.org\/en\/maritime-arbitration-service-in-panama\/","title":{"rendered":"Maritime"},"content":{"rendered":"\t\t<div data-elementor-type=\"wp-page\" data-elementor-id=\"2080\" class=\"elementor elementor-2080\" data-elementor-post-type=\"page\">\n\t\t\t\t\t\t<section class=\"elementor-section elementor-top-section elementor-element elementor-element-208e7fa elementor-section-full_width elementor-section-height-default elementor-section-height-default\" data-id=\"208e7fa\" data-element_type=\"section\" data-e-type=\"section\" data-settings=\"{&quot;background_background&quot;:&quot;classic&quot;,&quot;background_motion_fx_motion_fx_scrolling&quot;:&quot;yes&quot;,&quot;background_motion_fx_devices&quot;:[&quot;desktop&quot;,&quot;tablet&quot;,&quot;mobile&quot;]}\">\n\t\t\t\t\t\t\t<div class=\"elementor-background-overlay\"><\/div>\n\t\t\t\t\t\t\t<div class=\"elementor-container elementor-column-gap-no\">\n\t\t\t\t\t<div class=\"elementor-column elementor-col-100 elementor-top-column elementor-element elementor-element-2f77155\" data-id=\"2f77155\" data-element_type=\"column\" data-e-type=\"column\">\n\t\t\t<div class=\"elementor-widget-wrap elementor-element-populated\">\n\t\t\t\t\t\t<div class=\"elementor-element elementor-element-104c023 elementor-widget elementor-widget-heading\" data-id=\"104c023\" data-element_type=\"widget\" data-e-type=\"widget\" data-widget_type=\"heading.default\">\n\t\t\t\t<div class=\"elementor-widget-container\">\n\t\t\t\t\t<h2 class=\"elementor-heading-title elementor-size-default\">EXPERTISE<\/h2>\t\t\t\t<\/div>\n\t\t\t\t<\/div>\n\t\t\t\t<div class=\"elementor-element elementor-element-e4e9ea5 elementor-widget elementor-widget-heading\" data-id=\"e4e9ea5\" data-element_type=\"widget\" data-e-type=\"widget\" data-widget_type=\"heading.default\">\n\t\t\t\t<div class=\"elementor-widget-container\">\n\t\t\t\t\t<h1 class=\"elementor-heading-title elementor-size-xxl\">Maritime Sector<\/h1>\t\t\t\t<\/div>\n\t\t\t\t<\/div>\n\t\t\t\t<div class=\"elementor-element elementor-element-d0b37bd elementor-widget elementor-widget-spacer\" data-id=\"d0b37bd\" data-element_type=\"widget\" data-e-type=\"widget\" data-widget_type=\"spacer.default\">\n\t\t\t\t<div class=\"elementor-widget-container\">\n\t\t\t\t\t\t\t<div class=\"elementor-spacer\">\n\t\t\t<div class=\"elementor-spacer-inner\"><\/div>\n\t\t<\/div>\n\t\t\t\t\t\t<\/div>\n\t\t\t\t<\/div>\n\t\t\t\t\t<\/div>\n\t\t<\/div>\n\t\t\t\t\t<\/div>\n\t\t<\/section>\n\t\t\t\t<section class=\"elementor-section elementor-top-section elementor-element elementor-element-d9e6b66 elementor-section-boxed elementor-section-height-default elementor-section-height-default\" data-id=\"d9e6b66\" data-element_type=\"section\" data-e-type=\"section\" data-settings=\"{&quot;background_background&quot;:&quot;classic&quot;}\">\n\t\t\t\t\t\t<div class=\"elementor-container elementor-column-gap-default\">\n\t\t\t\t\t<div class=\"elementor-column elementor-col-50 elementor-top-column elementor-element elementor-element-daf2e83\" data-id=\"daf2e83\" data-element_type=\"column\" data-e-type=\"column\">\n\t\t\t<div class=\"elementor-widget-wrap elementor-element-populated\">\n\t\t\t\t\t\t<div class=\"elementor-element elementor-element-988a298 elementor-widget elementor-widget-text-editor\" data-id=\"988a298\" data-element_type=\"widget\" data-e-type=\"widget\" data-widget_type=\"text-editor.default\">\n\t\t\t\t<div class=\"elementor-widget-container\">\n\t\t\t\t\t\t\t\t\tGeographically convenient, superbly well served and located on the Atlantic and Pacific trade routes, Panama lies at the centre the Americas, Panama is a world centre of expertise in shipping with a large pool of professionals available to support maritime arbitration service in Panama.\n\nOwing to the growing maritime activity in the region, the enthusiasm of those involved and the belief in the efficiency of arbitration,. In keeping with international standards and regulations, the CESCON aims to provide the finest maritime arbitration services.\n\nCESCON\u2019s role includes the supervision of the processes of mediation and arbitration in accordance with the regulations. CESCON enjoys financial and administrative independence, in order to provide its services with full transparency and impartiality.\t\t\t\t\t\t\t\t<\/div>\n\t\t\t\t<\/div>\n\t\t\t\t\t<\/div>\n\t\t<\/div>\n\t\t\t\t<div class=\"elementor-column elementor-col-50 elementor-top-column elementor-element elementor-element-93ea03e\" data-id=\"93ea03e\" data-element_type=\"column\" data-e-type=\"column\">\n\t\t\t<div class=\"elementor-widget-wrap elementor-element-populated\">\n\t\t\t\t\t\t<div class=\"elementor-element elementor-element-0a356a6 elementor-widget elementor-widget-image\" data-id=\"0a356a6\" data-element_type=\"widget\" data-e-type=\"widget\" data-widget_type=\"image.default\">\n\t\t\t\t<div class=\"elementor-widget-container\">\n\t\t\t\t\t\t\t\t\t\t\t\t\t\t\t<img fetchpriority=\"high\" decoding=\"async\" width=\"700\" height=\"505\" src=\"https:\/\/cescon.org\/wp-content\/uploads\/2022\/03\/maritimo_1.jpeg\" class=\"attachment-large size-large wp-image-1221\" alt=\"resoluci\u00f3n de conflictos mar\u00edtimos en Panam\u00e1\" srcset=\"https:\/\/cescon.org\/wp-content\/uploads\/2022\/03\/maritimo_1.jpeg 700w, https:\/\/cescon.org\/wp-content\/uploads\/2022\/03\/maritimo_1-300x216.jpeg 300w\" sizes=\"(max-width: 700px) 100vw, 700px\" \/>\t\t\t\t\t\t\t\t\t\t\t\t\t\t\t<\/div>\n\t\t\t\t<\/div>\n\t\t\t\t\t<\/div>\n\t\t<\/div>\n\t\t\t\t\t<\/div>\n\t\t<\/section>\n\t\t\t\t<section class=\"elementor-section elementor-top-section elementor-element elementor-element-6b4969e elementor-section-boxed elementor-section-height-default elementor-section-height-default\" data-id=\"6b4969e\" data-element_type=\"section\" data-e-type=\"section\">\n\t\t\t\t\t\t<div class=\"elementor-container elementor-column-gap-default\">\n\t\t\t\t\t<div class=\"elementor-column elementor-col-50 elementor-top-column elementor-element elementor-element-2d6eb85\" data-id=\"2d6eb85\" data-element_type=\"column\" data-e-type=\"column\">\n\t\t\t<div class=\"elementor-widget-wrap elementor-element-populated\">\n\t\t\t\t\t\t<div class=\"elementor-element elementor-element-3f06ac7 elementor-widget elementor-widget-heading\" data-id=\"3f06ac7\" data-element_type=\"widget\" data-e-type=\"widget\" data-widget_type=\"heading.default\">\n\t\t\t\t<div class=\"elementor-widget-container\">\n\t\t\t\t\t<h2 class=\"elementor-heading-title elementor-size-default\">Maritime arbitration<\/h2>\t\t\t\t<\/div>\n\t\t\t\t<\/div>\n\t\t\t\t<div class=\"elementor-element elementor-element-0d502f4 elementor-widget elementor-widget-text-editor\" data-id=\"0d502f4\" data-element_type=\"widget\" data-e-type=\"widget\" data-widget_type=\"text-editor.default\">\n\t\t\t\t<div class=\"elementor-widget-container\">\n\t\t\t\t\t\t\t\t\tPanama is known for its maritime chamber. Expertise extends to maritime arbitration in designing, and ADR clauses, advising on the optimal conflict management-strategy, advising on and conducting proceedings to set aside arbitral awards and for obtaining leave to enforce a foreign arbitral award.\t\t\t\t\t\t\t\t<\/div>\n\t\t\t\t<\/div>\n\t\t\t\t<div class=\"elementor-element elementor-element-e843a96 elementor-widget elementor-widget-heading\" data-id=\"e843a96\" data-element_type=\"widget\" data-e-type=\"widget\" data-widget_type=\"heading.default\">\n\t\t\t\t<div class=\"elementor-widget-container\">\n\t\t\t\t\t<h2 class=\"elementor-heading-title elementor-size-default\">The Arbitration Alternative<\/h2>\t\t\t\t<\/div>\n\t\t\t\t<\/div>\n\t\t\t\t<div class=\"elementor-element elementor-element-1b801ba elementor-widget elementor-widget-text-editor\" data-id=\"1b801ba\" data-element_type=\"widget\" data-e-type=\"widget\" data-widget_type=\"text-editor.default\">\n\t\t\t\t<div class=\"elementor-widget-container\">\n\t\t\t\t\t\t\t\t\t<p>No one really wants to go to court.\u00a0 It can be expensive, time consuming, and you have to wear a suit and tie.\u00a0 Arbitration is a method to resolve maritime arbitration service in Panama without resulting to the court system.\u00a0 It allows you a greater degree of control of the schedule, a more business-like, less combative and perhaps even congenial atmosphere.<\/p><p>CESCON has been a vehicle for marine arbitration in Panama for many years.\u00a0 It has a panel of l specialists who are available to serve as arbitrators under its rules.\u00a0 You may still have to arbitrate your differences, but you would do so under different circumstances where, in an arbitration setting, you have a greater deal of control.<\/p>\t\t\t\t\t\t\t\t<\/div>\n\t\t\t\t<\/div>\n\t\t\t\t\t<\/div>\n\t\t<\/div>\n\t\t\t\t<div class=\"elementor-column elementor-col-50 elementor-top-column elementor-element elementor-element-c4f684b\" data-id=\"c4f684b\" data-element_type=\"column\" data-e-type=\"column\">\n\t\t\t<div class=\"elementor-widget-wrap elementor-element-populated\">\n\t\t\t\t\t\t<div class=\"elementor-element elementor-element-05aaa03 elementor-widget elementor-widget-heading\" data-id=\"05aaa03\" data-element_type=\"widget\" data-e-type=\"widget\" data-widget_type=\"heading.default\">\n\t\t\t\t<div class=\"elementor-widget-container\">\n\t\t\t\t\t<h2 class=\"elementor-heading-title elementor-size-default\">The maritime arbitration service in Panama provided CESCON include:<\/h2>\t\t\t\t<\/div>\n\t\t\t\t<\/div>\n\t\t\t\t<div class=\"elementor-element elementor-element-3edfb9a elementor-widget elementor-widget-text-editor\" data-id=\"3edfb9a\" data-element_type=\"widget\" data-e-type=\"widget\" data-widget_type=\"text-editor.default\">\n\t\t\t\t<div class=\"elementor-widget-container\">\n\t\t\t\t\t\t\t\t\t<ul><li>Appointment of arbitrators<\/li><li>Amount under dispute determines the number of arbitrators<\/li><li>Operating panels of international and local arbitrators<\/li><li>Free information service and assistance on dispute resolution in Panama<\/li><li>Arbitration rules<\/li><li>Arbitration rooms in a prime and convenient location in the financial hub in Panama City<\/li><li>Facilities including transcription, translation, video conferencing, catering, telecommunications etc.<\/li><\/ul>\t\t\t\t\t\t\t\t<\/div>\n\t\t\t\t<\/div>\n\t\t\t\t\t<\/div>\n\t\t<\/div>\n\t\t\t\t\t<\/div>\n\t\t<\/section>\n\t\t\t\t<\/div>\n\t\t","protected":false},"excerpt":{"rendered":"<p>EXPERTISE Maritime Sector Geographically convenient, superbly well served and located on the Atlantic and Pacific trade routes, Panama lies at the centre the Americas, Panama is a world centre of expertise in shipping with a large pool of professionals available to support maritime arbitration service in Panama. Owing to the growing maritime activity in the [&hellip;]<\/p>\n","protected":false},"author":1,"featured_media":0,"parent":0,"menu_order":0,"comment_status":"closed","ping_status":"closed","template":"","meta":{"site-sidebar-layout":"no-sidebar","site-content-layout":"page-builder","ast-site-content-layout":"","site-content-style":"default","site-sidebar-style":"default","ast-global-header-display":"","ast-banner-title-visibility":"","ast-main-header-display":"","ast-hfb-above-header-display":"","ast-hfb-below-header-display":"","ast-hfb-mobile-header-display":"","site-post-title":"disabled","ast-breadcrumbs-content":"","ast-featured-img":"disabled","footer-sml-layout":"","theme-transparent-header-meta":"disabled","adv-header-id-meta":"","stick-header-meta":"","header-above-stick-meta":"","header-main-stick-meta":"","header-below-stick-meta":"","astra-migrate-meta-layouts":"default","ast-page-background-enabled":"default","ast-page-background-meta":{"desktop":{"background-color":"","background-image":"","background-repeat":"repeat","background-position":"center center","background-size":"auto","background-attachment":"scroll","background-type":"","background-media":"","overlay-type":"","overlay-color":"","overlay-opacity":"","overlay-gradient":""},"tablet":{"background-color":"","background-image":"","background-repeat":"repeat","background-position":"center center","background-size":"auto","background-attachment":"scroll","background-type":"","background-media":"","overlay-type":"","overlay-color":"","overlay-opacity":"","overlay-gradient":""},"mobile":{"background-color":"","background-image":"","background-repeat":"repeat","background-position":"center center","background-size":"auto","background-attachment":"scroll","background-type":"","background-media":"","overlay-type":"","overlay-color":"","overlay-opacity":"","overlay-gradient":""}},"ast-content-background-meta":{"desktop":{"background-color":"var(--ast-global-color-5)","background-image":"","background-repeat":"repeat","background-position":"center center","background-size":"auto","background-attachment":"scroll","background-type":"","background-media":"","overlay-type":"","overlay-color":"","overlay-opacity":"","overlay-gradient":""},"tablet":{"background-color":"var(--ast-global-color-5)","background-image":"","background-repeat":"repeat","background-position":"center center","background-size":"auto","background-attachment":"scroll","background-type":"","background-media":"","overlay-type":"","overlay-color":"","overlay-opacity":"","overlay-gradient":""},"mobile":{"background-color":"var(--ast-global-color-5)","background-image":"","background-repeat":"repeat","background-position":"center center","background-size":"auto","background-attachment":"scroll","background-type":"","background-media":"","overlay-type":"","overlay-color":"","overlay-opacity":"","overlay-gradient":""}},"footnotes":""},"class_list":["post-2080","page","type-page","status-publish","hentry"],"yoast_head":"<!-- This site is optimized with the Yoast SEO plugin v25.6 - https:\/\/yoast.com\/wordpress\/plugins\/seo\/ -->\n<title>Maritime Arbitration Service in Panama | CESCON<\/title>\n<meta name=\"description\" content=\"Arbitration, mediation, conciliation and reconciled reorganization for Maritime Arbitration Service in Panama. Contact Us.\" \/>\n<meta name=\"robots\" content=\"index, follow, max-snippet:-1, max-image-preview:large, max-video-preview:-1\" \/>\n<link rel=\"canonical\" href=\"https:\/\/cescon.org\/en\/maritime-arbitration-service-in-panama\/\" \/>\n<meta property=\"og:locale\" content=\"en_US\" \/>\n<meta property=\"og:type\" content=\"article\" \/>\n<meta property=\"og:title\" content=\"Maritime Arbitration Service in Panama | CESCON\" \/>\n<meta property=\"og:description\" content=\"Arbitration, mediation, conciliation and reconciled reorganization for Maritime Arbitration Service in Panama. Contact Us.\" \/>\n<meta property=\"og:url\" content=\"https:\/\/cescon.org\/en\/maritime-arbitration-service-in-panama\/\" \/>\n<meta property=\"og:site_name\" content=\"CESCON Centro de Soluci\u00f3n de Conflictos\" \/>\n<meta property=\"article:modified_time\" content=\"2022-04-27T06:33:42+00:00\" \/>\n<meta property=\"og:image\" content=\"https:\/\/cescon.org\/wp-content\/uploads\/2022\/03\/maritimo_1.jpeg\" \/>\n<meta name=\"twitter:card\" content=\"summary_large_image\" \/>\n<meta name=\"twitter:label1\" content=\"Est. reading time\" \/>\n\t<meta name=\"twitter:data1\" content=\"2 minutes\" \/>\n<script type=\"application\/ld+json\" class=\"yoast-schema-graph\">{\"@context\":\"https:\/\/schema.org\",\"@graph\":[{\"@type\":\"WebPage\",\"@id\":\"https:\/\/cescon.org\/en\/maritime-arbitration-service-in-panama\/\",\"url\":\"https:\/\/cescon.org\/en\/maritime-arbitration-service-in-panama\/\",\"name\":\"Maritime Arbitration Service in Panama | CESCON\",\"isPartOf\":{\"@id\":\"https:\/\/cescon.org\/en\/#website\"},\"primaryImageOfPage\":{\"@id\":\"https:\/\/cescon.org\/en\/maritime-arbitration-service-in-panama\/#primaryimage\"},\"image\":{\"@id\":\"https:\/\/cescon.org\/en\/maritime-arbitration-service-in-panama\/#primaryimage\"},\"thumbnailUrl\":\"https:\/\/cescon.org\/wp-content\/uploads\/2022\/03\/maritimo_1.jpeg\",\"datePublished\":\"2022-03-17T21:11:37+00:00\",\"dateModified\":\"2022-04-27T06:33:42+00:00\",\"description\":\"Arbitration, mediation, conciliation and reconciled reorganization for Maritime Arbitration Service in Panama. Contact Us.\",\"breadcrumb\":{\"@id\":\"https:\/\/cescon.org\/en\/maritime-arbitration-service-in-panama\/#breadcrumb\"},\"inLanguage\":\"en-US\",\"potentialAction\":[{\"@type\":\"ReadAction\",\"target\":[\"https:\/\/cescon.org\/en\/maritime-arbitration-service-in-panama\/\"]}]},{\"@type\":\"ImageObject\",\"inLanguage\":\"en-US\",\"@id\":\"https:\/\/cescon.org\/en\/maritime-arbitration-service-in-panama\/#primaryimage\",\"url\":\"https:\/\/cescon.org\/wp-content\/uploads\/2022\/03\/maritimo_1.jpeg\",\"contentUrl\":\"https:\/\/cescon.org\/wp-content\/uploads\/2022\/03\/maritimo_1.jpeg\"},{\"@type\":\"BreadcrumbList\",\"@id\":\"https:\/\/cescon.org\/en\/maritime-arbitration-service-in-panama\/#breadcrumb\",\"itemListElement\":[{\"@type\":\"ListItem\",\"position\":1,\"name\":\"Portada\",\"item\":\"https:\/\/cescon.org\/en\/\"},{\"@type\":\"ListItem\",\"position\":2,\"name\":\"Maritime\"}]},{\"@type\":\"WebSite\",\"@id\":\"https:\/\/cescon.org\/en\/#website\",\"url\":\"https:\/\/cescon.org\/en\/\",\"name\":\"CESCON Centro de Soluci\u00f3n de Conflictos\",\"description\":\"\",\"publisher\":{\"@id\":\"https:\/\/cescon.org\/en\/#organization\"},\"potentialAction\":[{\"@type\":\"SearchAction\",\"target\":{\"@type\":\"EntryPoint\",\"urlTemplate\":\"https:\/\/cescon.org\/en\/?s={search_term_string}\"},\"query-input\":{\"@type\":\"PropertyValueSpecification\",\"valueRequired\":true,\"valueName\":\"search_term_string\"}}],\"inLanguage\":\"en-US\"},{\"@type\":\"Organization\",\"@id\":\"https:\/\/cescon.org\/en\/#organization\",\"name\":\"Centro de Soluci\u00f3n de Conflictos\",\"url\":\"https:\/\/cescon.org\/en\/\",\"logo\":{\"@type\":\"ImageObject\",\"inLanguage\":\"en-US\",\"@id\":\"https:\/\/cescon.org\/en\/#\/schema\/logo\/image\/\",\"url\":\"https:\/\/cescon.org\/wp-content\/uploads\/2020\/08\/cesconlogo-01.png\",\"contentUrl\":\"https:\/\/cescon.org\/wp-content\/uploads\/2020\/08\/cesconlogo-01.png\",\"width\":401,\"height\":81,\"caption\":\"Centro de Soluci\u00f3n de Conflictos\"},\"image\":{\"@id\":\"https:\/\/cescon.org\/en\/#\/schema\/logo\/image\/\"}}]}<\/script>\n<!-- \/ Yoast SEO plugin. -->","yoast_head_json":{"title":"Maritime Arbitration Service in Panama | CESCON","description":"Arbitration, mediation, conciliation and reconciled reorganization for Maritime Arbitration Service in Panama. Contact Us.","robots":{"index":"index","follow":"follow","max-snippet":"max-snippet:-1","max-image-preview":"max-image-preview:large","max-video-preview":"max-video-preview:-1"},"canonical":"https:\/\/cescon.org\/en\/maritime-arbitration-service-in-panama\/","og_locale":"en_US","og_type":"article","og_title":"Maritime Arbitration Service in Panama | CESCON","og_description":"Arbitration, mediation, conciliation and reconciled reorganization for Maritime Arbitration Service in Panama. Contact Us.","og_url":"https:\/\/cescon.org\/en\/maritime-arbitration-service-in-panama\/","og_site_name":"CESCON Centro de Soluci\u00f3n de Conflictos","article_modified_time":"2022-04-27T06:33:42+00:00","og_image":[{"url":"https:\/\/cescon.org\/wp-content\/uploads\/2022\/03\/maritimo_1.jpeg","type":"","width":"","height":""}],"twitter_card":"summary_large_image","twitter_misc":{"Est. reading time":"2 minutes"},"schema":{"@context":"https:\/\/schema.org","@graph":[{"@type":"WebPage","@id":"https:\/\/cescon.org\/en\/maritime-arbitration-service-in-panama\/","url":"https:\/\/cescon.org\/en\/maritime-arbitration-service-in-panama\/","name":"Maritime Arbitration Service in Panama | CESCON","isPartOf":{"@id":"https:\/\/cescon.org\/en\/#website"},"primaryImageOfPage":{"@id":"https:\/\/cescon.org\/en\/maritime-arbitration-service-in-panama\/#primaryimage"},"image":{"@id":"https:\/\/cescon.org\/en\/maritime-arbitration-service-in-panama\/#primaryimage"},"thumbnailUrl":"https:\/\/cescon.org\/wp-content\/uploads\/2022\/03\/maritimo_1.jpeg","datePublished":"2022-03-17T21:11:37+00:00","dateModified":"2022-04-27T06:33:42+00:00","description":"Arbitration, mediation, conciliation and reconciled reorganization for Maritime Arbitration Service in Panama. Contact Us.","breadcrumb":{"@id":"https:\/\/cescon.org\/en\/maritime-arbitration-service-in-panama\/#breadcrumb"},"inLanguage":"en-US","potentialAction":[{"@type":"ReadAction","target":["https:\/\/cescon.org\/en\/maritime-arbitration-service-in-panama\/"]}]},{"@type":"ImageObject","inLanguage":"en-US","@id":"https:\/\/cescon.org\/en\/maritime-arbitration-service-in-panama\/#primaryimage","url":"https:\/\/cescon.org\/wp-content\/uploads\/2022\/03\/maritimo_1.jpeg","contentUrl":"https:\/\/cescon.org\/wp-content\/uploads\/2022\/03\/maritimo_1.jpeg"},{"@type":"BreadcrumbList","@id":"https:\/\/cescon.org\/en\/maritime-arbitration-service-in-panama\/#breadcrumb","itemListElement":[{"@type":"ListItem","position":1,"name":"Portada","item":"https:\/\/cescon.org\/en\/"},{"@type":"ListItem","position":2,"name":"Maritime"}]},{"@type":"WebSite","@id":"https:\/\/cescon.org\/en\/#website","url":"https:\/\/cescon.org\/en\/","name":"CESCON Centro de Soluci\u00f3n de Conflictos","description":"","publisher":{"@id":"https:\/\/cescon.org\/en\/#organization"},"potentialAction":[{"@type":"SearchAction","target":{"@type":"EntryPoint","urlTemplate":"https:\/\/cescon.org\/en\/?s={search_term_string}"},"query-input":{"@type":"PropertyValueSpecification","valueRequired":true,"valueName":"search_term_string"}}],"inLanguage":"en-US"},{"@type":"Organization","@id":"https:\/\/cescon.org\/en\/#organization","name":"Centro de Soluci\u00f3n de Conflictos","url":"https:\/\/cescon.org\/en\/","logo":{"@type":"ImageObject","inLanguage":"en-US","@id":"https:\/\/cescon.org\/en\/#\/schema\/logo\/image\/","url":"https:\/\/cescon.org\/wp-content\/uploads\/2020\/08\/cesconlogo-01.png","contentUrl":"https:\/\/cescon.org\/wp-content\/uploads\/2020\/08\/cesconlogo-01.png","width":401,"height":81,"caption":"Centro de Soluci\u00f3n de Conflictos"},"image":{"@id":"https:\/\/cescon.org\/en\/#\/schema\/logo\/image\/"}}]}},"_links":{"self":[{"href":"https:\/\/cescon.org\/en\/wp-json\/wp\/v2\/pages\/2080","targetHints":{"allow":["GET"]}}],"collection":[{"href":"https:\/\/cescon.org\/en\/wp-json\/wp\/v2\/pages"}],"about":[{"href":"https:\/\/cescon.org\/en\/wp-json\/wp\/v2\/types\/page"}],"author":[{"embeddable":true,"href":"https:\/\/cescon.org\/en\/wp-json\/wp\/v2\/users\/1"}],"replies":[{"embeddable":true,"href":"https:\/\/cescon.org\/en\/wp-json\/wp\/v2\/comments?post=2080"}],"version-history":[{"count":8,"href":"https:\/\/cescon.org\/en\/wp-json\/wp\/v2\/pages\/2080\/revisions"}],"predecessor-version":[{"id":2239,"href":"https:\/\/cescon.org\/en\/wp-json\/wp\/v2\/pages\/2080\/revisions\/2239"}],"wp:attachment":[{"href":"https:\/\/cescon.org\/en\/wp-json\/wp\/v2\/media?parent=2080"}],"curies":[{"name":"wp","href":"https:\/\/api.w.org\/{rel}","templated":true}]}}