{"id":2034,"date":"2022-03-17T23:55:23","date_gmt":"2022-03-17T23:55:23","guid":{"rendered":"https:\/\/cescon.org\/resolucion-de-disputas-de-contruccion-en-panama\/"},"modified":"2022-04-27T03:17:35","modified_gmt":"2022-04-27T03:17:35","slug":"construction-arbitration-services-in-panama","status":"publish","type":"page","link":"https:\/\/cescon.org\/en\/construction-arbitration-services-in-panama\/","title":{"rendered":"Construction"},"content":{"rendered":"\t\t<div data-elementor-type=\"wp-page\" data-elementor-id=\"2034\" class=\"elementor elementor-2034\" data-elementor-post-type=\"page\">\n\t\t\t\t\t\t<section class=\"elementor-section elementor-top-section elementor-element elementor-element-208e7fa elementor-section-full_width elementor-section-height-default elementor-section-height-default\" data-id=\"208e7fa\" data-element_type=\"section\" data-e-type=\"section\" data-settings=\"{&quot;background_background&quot;:&quot;classic&quot;,&quot;background_motion_fx_motion_fx_scrolling&quot;:&quot;yes&quot;,&quot;background_motion_fx_devices&quot;:[&quot;desktop&quot;,&quot;tablet&quot;,&quot;mobile&quot;]}\">\n\t\t\t\t\t\t\t<div class=\"elementor-background-overlay\"><\/div>\n\t\t\t\t\t\t\t<div class=\"elementor-container elementor-column-gap-no\">\n\t\t\t\t\t<div class=\"elementor-column elementor-col-100 elementor-top-column elementor-element elementor-element-2f77155\" data-id=\"2f77155\" data-element_type=\"column\" data-e-type=\"column\">\n\t\t\t<div class=\"elementor-widget-wrap elementor-element-populated\">\n\t\t\t\t\t\t<div class=\"elementor-element elementor-element-104c023 elementor-widget elementor-widget-heading\" data-id=\"104c023\" data-element_type=\"widget\" data-e-type=\"widget\" data-widget_type=\"heading.default\">\n\t\t\t\t<div class=\"elementor-widget-container\">\n\t\t\t\t\t<h2 class=\"elementor-heading-title elementor-size-default\">EXPERTISE<\/h2>\t\t\t\t<\/div>\n\t\t\t\t<\/div>\n\t\t\t\t<div class=\"elementor-element elementor-element-e4e9ea5 elementor-widget elementor-widget-heading\" data-id=\"e4e9ea5\" data-element_type=\"widget\" data-e-type=\"widget\" data-widget_type=\"heading.default\">\n\t\t\t\t<div class=\"elementor-widget-container\">\n\t\t\t\t\t<h1 class=\"elementor-heading-title elementor-size-xxl\">Construction <\/h1>\t\t\t\t<\/div>\n\t\t\t\t<\/div>\n\t\t\t\t<div class=\"elementor-element elementor-element-d0b37bd elementor-widget elementor-widget-spacer\" data-id=\"d0b37bd\" data-element_type=\"widget\" data-e-type=\"widget\" data-widget_type=\"spacer.default\">\n\t\t\t\t<div class=\"elementor-widget-container\">\n\t\t\t\t\t\t\t<div class=\"elementor-spacer\">\n\t\t\t<div class=\"elementor-spacer-inner\"><\/div>\n\t\t<\/div>\n\t\t\t\t\t\t<\/div>\n\t\t\t\t<\/div>\n\t\t\t\t\t<\/div>\n\t\t<\/div>\n\t\t\t\t\t<\/div>\n\t\t<\/section>\n\t\t\t\t<section class=\"elementor-section elementor-top-section elementor-element elementor-element-d9e6b66 elementor-section-boxed elementor-section-height-default elementor-section-height-default\" data-id=\"d9e6b66\" data-element_type=\"section\" data-e-type=\"section\" data-settings=\"{&quot;background_background&quot;:&quot;classic&quot;}\">\n\t\t\t\t\t\t<div class=\"elementor-container elementor-column-gap-default\">\n\t\t\t\t\t<div class=\"elementor-column elementor-col-50 elementor-top-column elementor-element elementor-element-daf2e83\" data-id=\"daf2e83\" data-element_type=\"column\" data-e-type=\"column\">\n\t\t\t<div class=\"elementor-widget-wrap elementor-element-populated\">\n\t\t\t\t\t\t<div class=\"elementor-element elementor-element-988a298 elementor-widget elementor-widget-text-editor\" data-id=\"988a298\" data-element_type=\"widget\" data-e-type=\"widget\" data-widget_type=\"text-editor.default\">\n\t\t\t\t<div class=\"elementor-widget-container\">\n\t\t\t\t\t\t\t\t\t<p>CESCON is a professional construction arbitration services in Panama that specializes in both residential and commercial construction disputes and is available to conduct mediations and\/or arbitrations<\/p><p>CESCON professionals all have extensive training in alternative dispute resolution (ADR) and are experienced in providing an independent, unbiased and neutral mediation or arbitration process.\u00a0 Our professionals are construction industry specialists.<\/p><p>CESCON provides expert mediation, arbitration, and reconciliation services for the construction industry to resolve disputes in a timely and cost-effective manner.<\/p><p>Because of the unique and technical nature of construction projects and the complex nature of relationships involved, appointing a construction arbitrator for construction arbitration services in Panama with broad construction experience and substantial qualifications can assist in the expedient resolution of a dispute submitted to arbitration.<\/p>\t\t\t\t\t\t\t\t<\/div>\n\t\t\t\t<\/div>\n\t\t\t\t\t<\/div>\n\t\t<\/div>\n\t\t\t\t<div class=\"elementor-column elementor-col-50 elementor-top-column elementor-element elementor-element-2efc4eb\" data-id=\"2efc4eb\" data-element_type=\"column\" data-e-type=\"column\">\n\t\t\t<div class=\"elementor-widget-wrap elementor-element-populated\">\n\t\t\t\t\t\t<div class=\"elementor-element elementor-element-48b89f7 elementor-widget elementor-widget-image\" data-id=\"48b89f7\" data-element_type=\"widget\" data-e-type=\"widget\" data-widget_type=\"image.default\">\n\t\t\t\t<div class=\"elementor-widget-container\">\n\t\t\t\t\t\t\t\t\t\t\t\t\t\t\t<img fetchpriority=\"high\" decoding=\"async\" width=\"700\" height=\"590\" src=\"https:\/\/cescon.org\/wp-content\/uploads\/2022\/03\/construccion_1.jpeg\" class=\"attachment-large size-large wp-image-1243\" alt=\"resoluci\u00f3n de disputas de contrucci\u00f3n en panam\u00e1\" srcset=\"https:\/\/cescon.org\/wp-content\/uploads\/2022\/03\/construccion_1.jpeg 700w, https:\/\/cescon.org\/wp-content\/uploads\/2022\/03\/construccion_1-300x253.jpeg 300w\" sizes=\"(max-width: 700px) 100vw, 700px\" \/>\t\t\t\t\t\t\t\t\t\t\t\t\t\t\t<\/div>\n\t\t\t\t<\/div>\n\t\t\t\t\t<\/div>\n\t\t<\/div>\n\t\t\t\t\t<\/div>\n\t\t<\/section>\n\t\t\t\t<section class=\"elementor-section elementor-top-section elementor-element elementor-element-396c26e elementor-section-boxed elementor-section-height-default elementor-section-height-default\" data-id=\"396c26e\" data-element_type=\"section\" data-e-type=\"section\">\n\t\t\t\t\t\t<div class=\"elementor-container elementor-column-gap-default\">\n\t\t\t\t\t<div class=\"elementor-column elementor-col-50 elementor-top-column elementor-element elementor-element-6e43fbc\" data-id=\"6e43fbc\" data-element_type=\"column\" data-e-type=\"column\">\n\t\t\t<div class=\"elementor-widget-wrap elementor-element-populated\">\n\t\t\t\t\t\t<div class=\"elementor-element elementor-element-ade74be elementor-widget elementor-widget-heading\" data-id=\"ade74be\" data-element_type=\"widget\" data-e-type=\"widget\" data-widget_type=\"heading.default\">\n\t\t\t\t<div class=\"elementor-widget-container\">\n\t\t\t\t\t<h2 class=\"elementor-heading-title elementor-size-default\">Cost-Effective and Efficient Managers of Arbitration<\/h2>\t\t\t\t<\/div>\n\t\t\t\t<\/div>\n\t\t\t\t<div class=\"elementor-element elementor-element-a46fe0b elementor-widget elementor-widget-text-editor\" data-id=\"a46fe0b\" data-element_type=\"widget\" data-e-type=\"widget\" data-widget_type=\"text-editor.default\">\n\t\t\t\t<div class=\"elementor-widget-container\">\n\t\t\t\t\t\t\t\t\t<p>Arbitrator expertise and experience that promote prompt understanding and fair resolution of complex construction and infrastructure disputes are some of the paramount reasons clients have utilized binding arbitration rather than courtroom litigation as the construction industry\u2019s dispute resolution method of choice.<\/p><p>They also are experts in the critical role of providing cost-effective and efficient management of the entire arbitration process \u2013 from before the hearing through the issuance of a reasoned award.<\/p>\t\t\t\t\t\t\t\t<\/div>\n\t\t\t\t<\/div>\n\t\t\t\t\t<\/div>\n\t\t<\/div>\n\t\t\t\t<div class=\"elementor-column elementor-col-50 elementor-top-column elementor-element elementor-element-a825961\" data-id=\"a825961\" data-element_type=\"column\" data-e-type=\"column\">\n\t\t\t<div class=\"elementor-widget-wrap elementor-element-populated\">\n\t\t\t\t\t\t<div class=\"elementor-element elementor-element-88b36fc elementor-widget elementor-widget-heading\" data-id=\"88b36fc\" data-element_type=\"widget\" data-e-type=\"widget\" data-widget_type=\"heading.default\">\n\t\t\t\t<div class=\"elementor-widget-container\">\n\t\t\t\t\t<h2 class=\"elementor-heading-title elementor-size-default\">Construction Arbitrators, Mediators on Construction Projects<\/h2>\t\t\t\t<\/div>\n\t\t\t\t<\/div>\n\t\t\t\t<div class=\"elementor-element elementor-element-e80ea46 elementor-widget elementor-widget-text-editor\" data-id=\"e80ea46\" data-element_type=\"widget\" data-e-type=\"widget\" data-widget_type=\"text-editor.default\">\n\t\t\t\t<div class=\"elementor-widget-container\">\n\t\t\t\t\t\t\t\t\t<p>CESCON specialists in construction arbitration services in Panama have both subject matter expertise and broad experience in resolving disputes among all construction industry participants, including public and private owners, contractors, subcontractors, specialty contractors, architects, engineers, sureties, insurers, material manufacturers and suppliers, equipment suppliers, lenders, technical consultants, construction accountants, and building code officials.<\/p>\t\t\t\t\t\t\t\t<\/div>\n\t\t\t\t<\/div>\n\t\t\t\t\t<\/div>\n\t\t<\/div>\n\t\t\t\t\t<\/div>\n\t\t<\/section>\n\t\t\t\t<section class=\"elementor-section elementor-top-section elementor-element elementor-element-fd9d6dc elementor-section-boxed elementor-section-height-default elementor-section-height-default\" data-id=\"fd9d6dc\" data-element_type=\"section\" data-e-type=\"section\">\n\t\t\t\t\t\t<div class=\"elementor-container elementor-column-gap-default\">\n\t\t\t\t\t<div class=\"elementor-column elementor-col-100 elementor-top-column elementor-element elementor-element-fdf98f8\" data-id=\"fdf98f8\" data-element_type=\"column\" data-e-type=\"column\">\n\t\t\t<div class=\"elementor-widget-wrap elementor-element-populated\">\n\t\t\t\t\t\t<div class=\"elementor-element elementor-element-8b52442 elementor-widget elementor-widget-heading\" data-id=\"8b52442\" data-element_type=\"widget\" data-e-type=\"widget\" data-widget_type=\"heading.default\">\n\t\t\t\t<div class=\"elementor-widget-container\">\n\t\t\t\t\t<h2 class=\"elementor-heading-title elementor-size-default\">Fees for Arbitration Services <\/h2>\t\t\t\t<\/div>\n\t\t\t\t<\/div>\n\t\t\t\t<div class=\"elementor-element elementor-element-c4965e2 elementor-widget elementor-widget-text-editor\" data-id=\"c4965e2\" data-element_type=\"widget\" data-e-type=\"widget\" data-widget_type=\"text-editor.default\">\n\t\t\t\t<div class=\"elementor-widget-container\">\n\t\t\t\t\t\t\t\t\t<p>We offer arbitration services for disputes with limited complexity and complex disputes. Our fees are based upon the amount of money the dispute.<\/p><p>The object of this service is to enable disputants to have an efficient and cost-effective means to resolving a dispute.<\/p><p>\u200bFor larger disputes, choosing an arbitrator with both arbitration and construction experience can provide an efficient and cost effective forum for dispute resolution where a detailed understanding of the arbitration process, the nature of the dispute, the basis of claims and expert submissions is a distinct advantage.<\/p>\t\t\t\t\t\t\t\t<\/div>\n\t\t\t\t<\/div>\n\t\t\t\t\t<\/div>\n\t\t<\/div>\n\t\t\t\t\t<\/div>\n\t\t<\/section>\n\t\t\t\t<\/div>\n\t\t","protected":false},"excerpt":{"rendered":"<p>EXPERTISE Construction CESCON is a professional construction arbitration services in Panama that specializes in both residential and commercial construction disputes and is available to conduct mediations and\/or arbitrations CESCON professionals all have extensive training in alternative dispute resolution (ADR) and are experienced in providing an independent, unbiased and neutral mediation or arbitration process.\u00a0 Our professionals [&hellip;]<\/p>\n","protected":false},"author":1,"featured_media":0,"parent":0,"menu_order":0,"comment_status":"closed","ping_status":"closed","template":"","meta":{"site-sidebar-layout":"no-sidebar","site-content-layout":"page-builder","ast-site-content-layout":"","site-content-style":"default","site-sidebar-style":"default","ast-global-header-display":"","ast-banner-title-visibility":"","ast-main-header-display":"","ast-hfb-above-header-display":"","ast-hfb-below-header-display":"","ast-hfb-mobile-header-display":"","site-post-title":"disabled","ast-breadcrumbs-content":"","ast-featured-img":"disabled","footer-sml-layout":"","theme-transparent-header-meta":"disabled","adv-header-id-meta":"","stick-header-meta":"","header-above-stick-meta":"","header-main-stick-meta":"","header-below-stick-meta":"","astra-migrate-meta-layouts":"default","ast-page-background-enabled":"default","ast-page-background-meta":{"desktop":{"background-color":"","background-image":"","background-repeat":"repeat","background-position":"center center","background-size":"auto","background-attachment":"scroll","background-type":"","background-media":"","overlay-type":"","overlay-color":"","overlay-opacity":"","overlay-gradient":""},"tablet":{"background-color":"","background-image":"","background-repeat":"repeat","background-position":"center center","background-size":"auto","background-attachment":"scroll","background-type":"","background-media":"","overlay-type":"","overlay-color":"","overlay-opacity":"","overlay-gradient":""},"mobile":{"background-color":"","background-image":"","background-repeat":"repeat","background-position":"center center","background-size":"auto","background-attachment":"scroll","background-type":"","background-media":"","overlay-type":"","overlay-color":"","overlay-opacity":"","overlay-gradient":""}},"ast-content-background-meta":{"desktop":{"background-color":"var(--ast-global-color-5)","background-image":"","background-repeat":"repeat","background-position":"center center","background-size":"auto","background-attachment":"scroll","background-type":"","background-media":"","overlay-type":"","overlay-color":"","overlay-opacity":"","overlay-gradient":""},"tablet":{"background-color":"var(--ast-global-color-5)","background-image":"","background-repeat":"repeat","background-position":"center center","background-size":"auto","background-attachment":"scroll","background-type":"","background-media":"","overlay-type":"","overlay-color":"","overlay-opacity":"","overlay-gradient":""},"mobile":{"background-color":"var(--ast-global-color-5)","background-image":"","background-repeat":"repeat","background-position":"center center","background-size":"auto","background-attachment":"scroll","background-type":"","background-media":"","overlay-type":"","overlay-color":"","overlay-opacity":"","overlay-gradient":""}},"footnotes":""},"class_list":["post-2034","page","type-page","status-publish","hentry"],"yoast_head":"<!-- This site is optimized with the Yoast SEO plugin v25.6 - https:\/\/yoast.com\/wordpress\/plugins\/seo\/ -->\n<title>Construction arbitration services in Panama | CESCON<\/title>\n<meta name=\"description\" content=\"CESCON offers mediation, arbitration and conciliation for construction arbitration services in Panama. Contact us.\" \/>\n<meta name=\"robots\" content=\"index, follow, max-snippet:-1, max-image-preview:large, max-video-preview:-1\" \/>\n<link rel=\"canonical\" href=\"https:\/\/cescon.org\/en\/construction-arbitration-services-in-panama\/\" \/>\n<meta property=\"og:locale\" content=\"en_US\" \/>\n<meta property=\"og:type\" content=\"article\" \/>\n<meta property=\"og:title\" content=\"Construction arbitration services in Panama | CESCON\" \/>\n<meta property=\"og:description\" content=\"CESCON offers mediation, arbitration and conciliation for construction arbitration services in Panama. Contact us.\" \/>\n<meta property=\"og:url\" content=\"https:\/\/cescon.org\/en\/construction-arbitration-services-in-panama\/\" \/>\n<meta property=\"og:site_name\" content=\"CESCON Centro de Soluci\u00f3n de Conflictos\" \/>\n<meta property=\"article:modified_time\" content=\"2022-04-27T03:17:35+00:00\" \/>\n<meta property=\"og:image\" content=\"https:\/\/cescon.org\/wp-content\/uploads\/2022\/03\/construccion_1.jpeg\" \/>\n<meta name=\"twitter:card\" content=\"summary_large_image\" \/>\n<meta name=\"twitter:label1\" content=\"Est. reading time\" \/>\n\t<meta name=\"twitter:data1\" content=\"2 minutes\" \/>\n<script type=\"application\/ld+json\" class=\"yoast-schema-graph\">{\"@context\":\"https:\/\/schema.org\",\"@graph\":[{\"@type\":\"WebPage\",\"@id\":\"https:\/\/cescon.org\/en\/construction-arbitration-services-in-panama\/\",\"url\":\"https:\/\/cescon.org\/en\/construction-arbitration-services-in-panama\/\",\"name\":\"Construction arbitration services in Panama | CESCON\",\"isPartOf\":{\"@id\":\"https:\/\/cescon.org\/en\/#website\"},\"primaryImageOfPage\":{\"@id\":\"https:\/\/cescon.org\/en\/construction-arbitration-services-in-panama\/#primaryimage\"},\"image\":{\"@id\":\"https:\/\/cescon.org\/en\/construction-arbitration-services-in-panama\/#primaryimage\"},\"thumbnailUrl\":\"https:\/\/cescon.org\/wp-content\/uploads\/2022\/03\/construccion_1.jpeg\",\"datePublished\":\"2022-03-17T23:55:23+00:00\",\"dateModified\":\"2022-04-27T03:17:35+00:00\",\"description\":\"CESCON offers mediation, arbitration and conciliation for construction arbitration services in Panama. Contact us.\",\"breadcrumb\":{\"@id\":\"https:\/\/cescon.org\/en\/construction-arbitration-services-in-panama\/#breadcrumb\"},\"inLanguage\":\"en-US\",\"potentialAction\":[{\"@type\":\"ReadAction\",\"target\":[\"https:\/\/cescon.org\/en\/construction-arbitration-services-in-panama\/\"]}]},{\"@type\":\"ImageObject\",\"inLanguage\":\"en-US\",\"@id\":\"https:\/\/cescon.org\/en\/construction-arbitration-services-in-panama\/#primaryimage\",\"url\":\"https:\/\/cescon.org\/wp-content\/uploads\/2022\/03\/construccion_1.jpeg\",\"contentUrl\":\"https:\/\/cescon.org\/wp-content\/uploads\/2022\/03\/construccion_1.jpeg\"},{\"@type\":\"BreadcrumbList\",\"@id\":\"https:\/\/cescon.org\/en\/construction-arbitration-services-in-panama\/#breadcrumb\",\"itemListElement\":[{\"@type\":\"ListItem\",\"position\":1,\"name\":\"Portada\",\"item\":\"https:\/\/cescon.org\/en\/\"},{\"@type\":\"ListItem\",\"position\":2,\"name\":\"Construction\"}]},{\"@type\":\"WebSite\",\"@id\":\"https:\/\/cescon.org\/en\/#website\",\"url\":\"https:\/\/cescon.org\/en\/\",\"name\":\"CESCON Centro de Soluci\u00f3n de Conflictos\",\"description\":\"\",\"publisher\":{\"@id\":\"https:\/\/cescon.org\/en\/#organization\"},\"potentialAction\":[{\"@type\":\"SearchAction\",\"target\":{\"@type\":\"EntryPoint\",\"urlTemplate\":\"https:\/\/cescon.org\/en\/?s={search_term_string}\"},\"query-input\":{\"@type\":\"PropertyValueSpecification\",\"valueRequired\":true,\"valueName\":\"search_term_string\"}}],\"inLanguage\":\"en-US\"},{\"@type\":\"Organization\",\"@id\":\"https:\/\/cescon.org\/en\/#organization\",\"name\":\"Centro de Soluci\u00f3n de Conflictos\",\"url\":\"https:\/\/cescon.org\/en\/\",\"logo\":{\"@type\":\"ImageObject\",\"inLanguage\":\"en-US\",\"@id\":\"https:\/\/cescon.org\/en\/#\/schema\/logo\/image\/\",\"url\":\"https:\/\/cescon.org\/wp-content\/uploads\/2020\/08\/cesconlogo-01.png\",\"contentUrl\":\"https:\/\/cescon.org\/wp-content\/uploads\/2020\/08\/cesconlogo-01.png\",\"width\":401,\"height\":81,\"caption\":\"Centro de Soluci\u00f3n de Conflictos\"},\"image\":{\"@id\":\"https:\/\/cescon.org\/en\/#\/schema\/logo\/image\/\"}}]}<\/script>\n<!-- \/ Yoast SEO plugin. -->","yoast_head_json":{"title":"Construction arbitration services in Panama | CESCON","description":"CESCON offers mediation, arbitration and conciliation for construction arbitration services in Panama. Contact us.","robots":{"index":"index","follow":"follow","max-snippet":"max-snippet:-1","max-image-preview":"max-image-preview:large","max-video-preview":"max-video-preview:-1"},"canonical":"https:\/\/cescon.org\/en\/construction-arbitration-services-in-panama\/","og_locale":"en_US","og_type":"article","og_title":"Construction arbitration services in Panama | CESCON","og_description":"CESCON offers mediation, arbitration and conciliation for construction arbitration services in Panama. Contact us.","og_url":"https:\/\/cescon.org\/en\/construction-arbitration-services-in-panama\/","og_site_name":"CESCON Centro de Soluci\u00f3n de Conflictos","article_modified_time":"2022-04-27T03:17:35+00:00","og_image":[{"url":"https:\/\/cescon.org\/wp-content\/uploads\/2022\/03\/construccion_1.jpeg","type":"","width":"","height":""}],"twitter_card":"summary_large_image","twitter_misc":{"Est. reading time":"2 minutes"},"schema":{"@context":"https:\/\/schema.org","@graph":[{"@type":"WebPage","@id":"https:\/\/cescon.org\/en\/construction-arbitration-services-in-panama\/","url":"https:\/\/cescon.org\/en\/construction-arbitration-services-in-panama\/","name":"Construction arbitration services in Panama | CESCON","isPartOf":{"@id":"https:\/\/cescon.org\/en\/#website"},"primaryImageOfPage":{"@id":"https:\/\/cescon.org\/en\/construction-arbitration-services-in-panama\/#primaryimage"},"image":{"@id":"https:\/\/cescon.org\/en\/construction-arbitration-services-in-panama\/#primaryimage"},"thumbnailUrl":"https:\/\/cescon.org\/wp-content\/uploads\/2022\/03\/construccion_1.jpeg","datePublished":"2022-03-17T23:55:23+00:00","dateModified":"2022-04-27T03:17:35+00:00","description":"CESCON offers mediation, arbitration and conciliation for construction arbitration services in Panama. Contact us.","breadcrumb":{"@id":"https:\/\/cescon.org\/en\/construction-arbitration-services-in-panama\/#breadcrumb"},"inLanguage":"en-US","potentialAction":[{"@type":"ReadAction","target":["https:\/\/cescon.org\/en\/construction-arbitration-services-in-panama\/"]}]},{"@type":"ImageObject","inLanguage":"en-US","@id":"https:\/\/cescon.org\/en\/construction-arbitration-services-in-panama\/#primaryimage","url":"https:\/\/cescon.org\/wp-content\/uploads\/2022\/03\/construccion_1.jpeg","contentUrl":"https:\/\/cescon.org\/wp-content\/uploads\/2022\/03\/construccion_1.jpeg"},{"@type":"BreadcrumbList","@id":"https:\/\/cescon.org\/en\/construction-arbitration-services-in-panama\/#breadcrumb","itemListElement":[{"@type":"ListItem","position":1,"name":"Portada","item":"https:\/\/cescon.org\/en\/"},{"@type":"ListItem","position":2,"name":"Construction"}]},{"@type":"WebSite","@id":"https:\/\/cescon.org\/en\/#website","url":"https:\/\/cescon.org\/en\/","name":"CESCON Centro de Soluci\u00f3n de Conflictos","description":"","publisher":{"@id":"https:\/\/cescon.org\/en\/#organization"},"potentialAction":[{"@type":"SearchAction","target":{"@type":"EntryPoint","urlTemplate":"https:\/\/cescon.org\/en\/?s={search_term_string}"},"query-input":{"@type":"PropertyValueSpecification","valueRequired":true,"valueName":"search_term_string"}}],"inLanguage":"en-US"},{"@type":"Organization","@id":"https:\/\/cescon.org\/en\/#organization","name":"Centro de Soluci\u00f3n de Conflictos","url":"https:\/\/cescon.org\/en\/","logo":{"@type":"ImageObject","inLanguage":"en-US","@id":"https:\/\/cescon.org\/en\/#\/schema\/logo\/image\/","url":"https:\/\/cescon.org\/wp-content\/uploads\/2020\/08\/cesconlogo-01.png","contentUrl":"https:\/\/cescon.org\/wp-content\/uploads\/2020\/08\/cesconlogo-01.png","width":401,"height":81,"caption":"Centro de Soluci\u00f3n de Conflictos"},"image":{"@id":"https:\/\/cescon.org\/en\/#\/schema\/logo\/image\/"}}]}},"_links":{"self":[{"href":"https:\/\/cescon.org\/en\/wp-json\/wp\/v2\/pages\/2034","targetHints":{"allow":["GET"]}}],"collection":[{"href":"https:\/\/cescon.org\/en\/wp-json\/wp\/v2\/pages"}],"about":[{"href":"https:\/\/cescon.org\/en\/wp-json\/wp\/v2\/types\/page"}],"author":[{"embeddable":true,"href":"https:\/\/cescon.org\/en\/wp-json\/wp\/v2\/users\/1"}],"replies":[{"embeddable":true,"href":"https:\/\/cescon.org\/en\/wp-json\/wp\/v2\/comments?post=2034"}],"version-history":[{"count":7,"href":"https:\/\/cescon.org\/en\/wp-json\/wp\/v2\/pages\/2034\/revisions"}],"predecessor-version":[{"id":2049,"href":"https:\/\/cescon.org\/en\/wp-json\/wp\/v2\/pages\/2034\/revisions\/2049"}],"wp:attachment":[{"href":"https:\/\/cescon.org\/en\/wp-json\/wp\/v2\/media?parent=2034"}],"curies":[{"name":"wp","href":"https:\/\/api.w.org\/{rel}","templated":true}]}}