{"id":2028,"date":"2022-03-16T22:41:02","date_gmt":"2022-03-16T22:41:02","guid":{"rendered":"https:\/\/cescon.org\/resolucion-de-conflictos-del-sector-comunicacion-en-panama\/"},"modified":"2022-07-06T21:26:44","modified_gmt":"2022-07-06T21:26:44","slug":"communications-dispute-resolution-services-in-panama","status":"publish","type":"page","link":"https:\/\/cescon.org\/en\/communications-dispute-resolution-services-in-panama\/","title":{"rendered":"Communication"},"content":{"rendered":"\t\t<div data-elementor-type=\"wp-page\" data-elementor-id=\"2028\" class=\"elementor elementor-2028\" data-elementor-post-type=\"page\">\n\t\t\t\t\t\t<section class=\"elementor-section elementor-top-section elementor-element elementor-element-208e7fa elementor-section-full_width elementor-section-height-default elementor-section-height-default\" data-id=\"208e7fa\" data-element_type=\"section\" data-e-type=\"section\" data-settings=\"{&quot;background_background&quot;:&quot;classic&quot;,&quot;background_motion_fx_motion_fx_scrolling&quot;:&quot;yes&quot;,&quot;background_motion_fx_devices&quot;:[&quot;desktop&quot;,&quot;tablet&quot;,&quot;mobile&quot;]}\">\n\t\t\t\t\t\t\t<div class=\"elementor-background-overlay\"><\/div>\n\t\t\t\t\t\t\t<div class=\"elementor-container elementor-column-gap-no\">\n\t\t\t\t\t<div class=\"elementor-column elementor-col-100 elementor-top-column elementor-element elementor-element-2f77155\" data-id=\"2f77155\" data-element_type=\"column\" data-e-type=\"column\">\n\t\t\t<div class=\"elementor-widget-wrap elementor-element-populated\">\n\t\t\t\t\t\t<div class=\"elementor-element elementor-element-104c023 elementor-widget elementor-widget-heading\" data-id=\"104c023\" data-element_type=\"widget\" data-e-type=\"widget\" data-widget_type=\"heading.default\">\n\t\t\t\t<div class=\"elementor-widget-container\">\n\t\t\t\t\t<h2 class=\"elementor-heading-title elementor-size-default\">EXPERTISE<\/h2>\t\t\t\t<\/div>\n\t\t\t\t<\/div>\n\t\t\t\t<div class=\"elementor-element elementor-element-e4e9ea5 elementor-widget elementor-widget-heading\" data-id=\"e4e9ea5\" data-element_type=\"widget\" data-e-type=\"widget\" data-widget_type=\"heading.default\">\n\t\t\t\t<div class=\"elementor-widget-container\">\n\t\t\t\t\t<h1 class=\"elementor-heading-title elementor-size-xxl\">Communications <\/h1>\t\t\t\t<\/div>\n\t\t\t\t<\/div>\n\t\t\t\t<div class=\"elementor-element elementor-element-d0b37bd elementor-widget elementor-widget-spacer\" data-id=\"d0b37bd\" data-element_type=\"widget\" data-e-type=\"widget\" data-widget_type=\"spacer.default\">\n\t\t\t\t<div class=\"elementor-widget-container\">\n\t\t\t\t\t\t\t<div class=\"elementor-spacer\">\n\t\t\t<div class=\"elementor-spacer-inner\"><\/div>\n\t\t<\/div>\n\t\t\t\t\t\t<\/div>\n\t\t\t\t<\/div>\n\t\t\t\t\t<\/div>\n\t\t<\/div>\n\t\t\t\t\t<\/div>\n\t\t<\/section>\n\t\t\t\t<section class=\"elementor-section elementor-top-section elementor-element elementor-element-d9e6b66 elementor-section-boxed elementor-section-height-default elementor-section-height-default\" data-id=\"d9e6b66\" data-element_type=\"section\" data-e-type=\"section\" data-settings=\"{&quot;background_background&quot;:&quot;classic&quot;}\">\n\t\t\t\t\t\t<div class=\"elementor-container elementor-column-gap-default\">\n\t\t\t\t\t<div class=\"elementor-column elementor-col-50 elementor-top-column elementor-element elementor-element-daf2e83\" data-id=\"daf2e83\" data-element_type=\"column\" data-e-type=\"column\">\n\t\t\t<div class=\"elementor-widget-wrap elementor-element-populated\">\n\t\t\t\t\t\t<div class=\"elementor-element elementor-element-988a298 elementor-widget elementor-widget-text-editor\" data-id=\"988a298\" data-element_type=\"widget\" data-e-type=\"widget\" data-widget_type=\"text-editor.default\">\n\t\t\t\t<div class=\"elementor-widget-container\">\n\t\t\t\t\t\t\t\t\t<p>Technology affects all aspects of business life. It is critical to every organisation in every sector, and many businesses go to great lengths to gain a competitive edge by procuring technology solutions and services; acquiring companies in order to take advantage of their technological capabilities; and working closely with strategic partners, suppliers and even competitors.<\/p><p>When a business encounters threats or failings, how it responds can be critical. It can reveal a strength or weakness. It can affect its market standing, share price and the strength of its hand when doing business.<\/p>\t\t\t\t\t\t\t\t<\/div>\n\t\t\t\t<\/div>\n\t\t\t\t\t<\/div>\n\t\t<\/div>\n\t\t\t\t<div class=\"elementor-column elementor-col-50 elementor-top-column elementor-element elementor-element-2efc4eb\" data-id=\"2efc4eb\" data-element_type=\"column\" data-e-type=\"column\">\n\t\t\t<div class=\"elementor-widget-wrap elementor-element-populated\">\n\t\t\t\t\t\t<div class=\"elementor-element elementor-element-373f162 elementor-widget elementor-widget-text-editor\" data-id=\"373f162\" data-element_type=\"widget\" data-e-type=\"widget\" data-widget_type=\"text-editor.default\">\n\t\t\t\t<div class=\"elementor-widget-container\">\n\t\t\t\t\t\t\t\t\t<p>At times, that may mean using the threat of dispute resolution to secure recompense, protect their position or beat their competitors. Businesses that fail to seize these opportunities can suffer real damage to their operations, reputation, and ability to enter new markets quickly.\u00a0<\/p><p>As such, an approach to dispute resolution is a key element of any business development strategy. CESCON&#8217;s experts offer arbitration, mediation, conciliation and reconciled reorganization services for communications dispute resolution services in Panama.<\/p>\t\t\t\t\t\t\t\t<\/div>\n\t\t\t\t<\/div>\n\t\t\t\t\t<\/div>\n\t\t<\/div>\n\t\t\t\t\t<\/div>\n\t\t<\/section>\n\t\t\t\t<section class=\"elementor-section elementor-top-section elementor-element elementor-element-2b23559 elementor-section-boxed elementor-section-height-default elementor-section-height-default\" data-id=\"2b23559\" data-element_type=\"section\" data-e-type=\"section\" data-settings=\"{&quot;background_background&quot;:&quot;classic&quot;}\">\n\t\t\t\t\t\t<div class=\"elementor-container elementor-column-gap-default\">\n\t\t\t\t\t<div class=\"elementor-column elementor-col-50 elementor-top-column elementor-element elementor-element-425542f\" data-id=\"425542f\" data-element_type=\"column\" data-e-type=\"column\">\n\t\t\t<div class=\"elementor-widget-wrap elementor-element-populated\">\n\t\t\t\t\t\t<div class=\"elementor-element elementor-element-9ebb091 elementor-widget elementor-widget-heading\" data-id=\"9ebb091\" data-element_type=\"widget\" data-e-type=\"widget\" data-widget_type=\"heading.default\">\n\t\t\t\t<div class=\"elementor-widget-container\">\n\t\t\t\t\t<h2 class=\"elementor-heading-title elementor-size-default\">Main types of interconnection disputes<\/h2>\t\t\t\t<\/div>\n\t\t\t\t<\/div>\n\t\t\t\t<div class=\"elementor-element elementor-element-ececb1a elementor-widget elementor-widget-text-editor\" data-id=\"ececb1a\" data-element_type=\"widget\" data-e-type=\"widget\" data-widget_type=\"text-editor.default\">\n\t\t\t\t<div class=\"elementor-widget-container\">\n\t\t\t\t\t\t\t\t\t<ul><li>Failure by dominant operator to develop a standard interconnection arrangement<\/li><li>Failure to conclude negotiations on a timely basis<\/li><li>Disagreement on interconnection charges<\/li><li>Disputes over quality of interconnection services<\/li><li>Failure to comply with the terms of a negotiated interconnection agreement<\/li><li>Poaching of customers by new entrants through improper customer transfers<\/li><li>Improper use of competitively sensitive customer information by incumbent operators<\/li><\/ul>\t\t\t\t\t\t\t\t<\/div>\n\t\t\t\t<\/div>\n\t\t\t\t\t<\/div>\n\t\t<\/div>\n\t\t\t\t<div class=\"elementor-column elementor-col-50 elementor-top-column elementor-element elementor-element-d777601\" data-id=\"d777601\" data-element_type=\"column\" data-e-type=\"column\">\n\t\t\t<div class=\"elementor-widget-wrap elementor-element-populated\">\n\t\t\t\t\t\t<div class=\"elementor-element elementor-element-c61e5a5 elementor-widget elementor-widget-image\" data-id=\"c61e5a5\" data-element_type=\"widget\" data-e-type=\"widget\" data-widget_type=\"image.default\">\n\t\t\t\t<div class=\"elementor-widget-container\">\n\t\t\t\t\t\t\t\t\t\t\t\t\t\t\t<img fetchpriority=\"high\" decoding=\"async\" width=\"700\" height=\"475\" src=\"https:\/\/cescon.org\/wp-content\/uploads\/2022\/03\/comunicacion_1.jpeg\" class=\"attachment-large size-large wp-image-1518\" alt=\"resoluci\u00f3n de conflictos del sector comunicaci\u00f3n en Panam\u00e1 | Communications dispute resolution services in Panama\" srcset=\"https:\/\/cescon.org\/wp-content\/uploads\/2022\/03\/comunicacion_1.jpeg 700w, https:\/\/cescon.org\/wp-content\/uploads\/2022\/03\/comunicacion_1-300x204.jpeg 300w\" sizes=\"(max-width: 700px) 100vw, 700px\" \/>\t\t\t\t\t\t\t\t\t\t\t\t\t\t\t<\/div>\n\t\t\t\t<\/div>\n\t\t\t\t\t<\/div>\n\t\t<\/div>\n\t\t\t\t\t<\/div>\n\t\t<\/section>\n\t\t\t\t<section class=\"elementor-section elementor-top-section elementor-element elementor-element-96da4ff elementor-section-boxed elementor-section-height-default elementor-section-height-default\" data-id=\"96da4ff\" data-element_type=\"section\" data-e-type=\"section\">\n\t\t\t\t\t\t<div class=\"elementor-container elementor-column-gap-default\">\n\t\t\t\t\t<div class=\"elementor-column elementor-col-33 elementor-top-column elementor-element elementor-element-05cebb9\" data-id=\"05cebb9\" data-element_type=\"column\" data-e-type=\"column\">\n\t\t\t<div class=\"elementor-widget-wrap elementor-element-populated\">\n\t\t\t\t\t\t<div class=\"elementor-element elementor-element-2b88f1e elementor-widget elementor-widget-heading\" data-id=\"2b88f1e\" data-element_type=\"widget\" data-e-type=\"widget\" data-widget_type=\"heading.default\">\n\t\t\t\t<div class=\"elementor-widget-container\">\n\t\t\t\t\t<h2 class=\"elementor-heading-title elementor-size-default\">Investment disputes<\/h2>\t\t\t\t<\/div>\n\t\t\t\t<\/div>\n\t\t\t\t<div class=\"elementor-element elementor-element-86569be elementor-widget elementor-widget-text-editor\" data-id=\"86569be\" data-element_type=\"widget\" data-e-type=\"widget\" data-widget_type=\"text-editor.default\">\n\t\t\t\t<div class=\"elementor-widget-container\">\n\t\t\t\t\t\t\t\t\t<ul><li>Early termination of the incumbent\u2019s monopoly<\/li><li>Rate rebalancing<\/li><li>Mandatory interconnection<\/li><li>Introduction of a new rate setting structure<\/li><li>Changes to the terms and conditions of licenses<\/li><\/ul>\t\t\t\t\t\t\t\t<\/div>\n\t\t\t\t<\/div>\n\t\t\t\t\t<\/div>\n\t\t<\/div>\n\t\t\t\t<div class=\"elementor-column elementor-col-33 elementor-top-column elementor-element elementor-element-bbd593e\" data-id=\"bbd593e\" data-element_type=\"column\" data-e-type=\"column\">\n\t\t\t<div class=\"elementor-widget-wrap elementor-element-populated\">\n\t\t\t\t\t\t<div class=\"elementor-element elementor-element-1a8c0c5 elementor-widget elementor-widget-heading\" data-id=\"1a8c0c5\" data-element_type=\"widget\" data-e-type=\"widget\" data-widget_type=\"heading.default\">\n\t\t\t\t<div class=\"elementor-widget-container\">\n\t\t\t\t\t<h2 class=\"elementor-heading-title elementor-size-default\">Competition disputes<\/h2>\t\t\t\t<\/div>\n\t\t\t\t<\/div>\n\t\t\t\t<div class=\"elementor-element elementor-element-93d8944 elementor-widget elementor-widget-text-editor\" data-id=\"93d8944\" data-element_type=\"widget\" data-e-type=\"widget\" data-widget_type=\"text-editor.default\">\n\t\t\t\t<div class=\"elementor-widget-container\">\n\t\t\t\t\t\t\t\t\t<ul><li>Disputes over service packages or \u201cbundles\u201d<\/li><li>Service packages offered by incumbents to new customers only<\/li><li>Dominant operators bundle highly competitive services with near monopoly services<\/li><\/ul>\t\t\t\t\t\t\t\t<\/div>\n\t\t\t\t<\/div>\n\t\t\t\t\t<\/div>\n\t\t<\/div>\n\t\t\t\t<div class=\"elementor-column elementor-col-33 elementor-top-column elementor-element elementor-element-7a8dc8a\" data-id=\"7a8dc8a\" data-element_type=\"column\" data-e-type=\"column\">\n\t\t\t<div class=\"elementor-widget-wrap elementor-element-populated\">\n\t\t\t\t\t\t<div class=\"elementor-element elementor-element-7a117bd elementor-widget elementor-widget-heading\" data-id=\"7a117bd\" data-element_type=\"widget\" data-e-type=\"widget\" data-widget_type=\"heading.default\">\n\t\t\t\t<div class=\"elementor-widget-container\">\n\t\t\t\t\t<h2 class=\"elementor-heading-title elementor-size-default\">Disputes between regulators and service providers <\/h2>\t\t\t\t<\/div>\n\t\t\t\t<\/div>\n\t\t\t\t<div class=\"elementor-element elementor-element-5291311 elementor-widget elementor-widget-text-editor\" data-id=\"5291311\" data-element_type=\"widget\" data-e-type=\"widget\" data-widget_type=\"text-editor.default\">\n\t\t\t\t<div class=\"elementor-widget-container\">\n\t\t\t\t\t\t\t\t\t<ul><li>Claims that regulators have exceeded their powers<\/li><li>Challenges to new regulations or terms of competitive licenses<\/li><li>Disputes over due process in enforcement<\/li><\/ul>\t\t\t\t\t\t\t\t<\/div>\n\t\t\t\t<\/div>\n\t\t\t\t\t<\/div>\n\t\t<\/div>\n\t\t\t\t\t<\/div>\n\t\t<\/section>\n\t\t\t\t<section class=\"elementor-section elementor-top-section elementor-element elementor-element-8673ed4 elementor-section-boxed elementor-section-height-default elementor-section-height-default\" data-id=\"8673ed4\" data-element_type=\"section\" data-e-type=\"section\">\n\t\t\t\t\t\t<div class=\"elementor-container elementor-column-gap-default\">\n\t\t\t\t\t<div class=\"elementor-column elementor-col-100 elementor-top-column elementor-element elementor-element-b05f7d1\" data-id=\"b05f7d1\" data-element_type=\"column\" data-e-type=\"column\">\n\t\t\t<div class=\"elementor-widget-wrap elementor-element-populated\">\n\t\t\t\t\t\t<div class=\"elementor-element elementor-element-865d6e8 elementor-widget elementor-widget-text-editor\" data-id=\"865d6e8\" data-element_type=\"widget\" data-e-type=\"widget\" data-widget_type=\"text-editor.default\">\n\t\t\t\t<div class=\"elementor-widget-container\">\n\t\t\t\t\t\t\t\t\tCESCON has been recognized for more than a decade as experts in communications dispute resolution services without the need for legal litigation. We are trained to advise you on conflict resolution in the communication sector in Panama.\t\t\t\t\t\t\t\t<\/div>\n\t\t\t\t<\/div>\n\t\t\t\t\t<\/div>\n\t\t<\/div>\n\t\t\t\t\t<\/div>\n\t\t<\/section>\n\t\t\t\t<\/div>\n\t\t","protected":false},"excerpt":{"rendered":"<p>EXPERTISE Communications Technology affects all aspects of business life. It is critical to every organisation in every sector, and many businesses go to great lengths to gain a competitive edge by procuring technology solutions and services; acquiring companies in order to take advantage of their technological capabilities; and working closely with strategic partners, suppliers and [&hellip;]<\/p>\n","protected":false},"author":1,"featured_media":0,"parent":0,"menu_order":0,"comment_status":"closed","ping_status":"closed","template":"","meta":{"site-sidebar-layout":"no-sidebar","site-content-layout":"page-builder","ast-site-content-layout":"","site-content-style":"default","site-sidebar-style":"default","ast-global-header-display":"","ast-banner-title-visibility":"","ast-main-header-display":"","ast-hfb-above-header-display":"","ast-hfb-below-header-display":"","ast-hfb-mobile-header-display":"","site-post-title":"disabled","ast-breadcrumbs-content":"","ast-featured-img":"disabled","footer-sml-layout":"","theme-transparent-header-meta":"disabled","adv-header-id-meta":"","stick-header-meta":"","header-above-stick-meta":"","header-main-stick-meta":"","header-below-stick-meta":"","astra-migrate-meta-layouts":"default","ast-page-background-enabled":"default","ast-page-background-meta":{"desktop":{"background-color":"","background-image":"","background-repeat":"repeat","background-position":"center center","background-size":"auto","background-attachment":"scroll","background-type":"","background-media":"","overlay-type":"","overlay-color":"","overlay-opacity":"","overlay-gradient":""},"tablet":{"background-color":"","background-image":"","background-repeat":"repeat","background-position":"center center","background-size":"auto","background-attachment":"scroll","background-type":"","background-media":"","overlay-type":"","overlay-color":"","overlay-opacity":"","overlay-gradient":""},"mobile":{"background-color":"","background-image":"","background-repeat":"repeat","background-position":"center center","background-size":"auto","background-attachment":"scroll","background-type":"","background-media":"","overlay-type":"","overlay-color":"","overlay-opacity":"","overlay-gradient":""}},"ast-content-background-meta":{"desktop":{"background-color":"var(--ast-global-color-5)","background-image":"","background-repeat":"repeat","background-position":"center center","background-size":"auto","background-attachment":"scroll","background-type":"","background-media":"","overlay-type":"","overlay-color":"","overlay-opacity":"","overlay-gradient":""},"tablet":{"background-color":"var(--ast-global-color-5)","background-image":"","background-repeat":"repeat","background-position":"center center","background-size":"auto","background-attachment":"scroll","background-type":"","background-media":"","overlay-type":"","overlay-color":"","overlay-opacity":"","overlay-gradient":""},"mobile":{"background-color":"var(--ast-global-color-5)","background-image":"","background-repeat":"repeat","background-position":"center center","background-size":"auto","background-attachment":"scroll","background-type":"","background-media":"","overlay-type":"","overlay-color":"","overlay-opacity":"","overlay-gradient":""}},"footnotes":""},"class_list":["post-2028","page","type-page","status-publish","hentry"],"yoast_head":"<!-- This site is optimized with the Yoast SEO plugin v25.6 - https:\/\/yoast.com\/wordpress\/plugins\/seo\/ -->\n<title>Communications dispute resolution services in Panama | CESCON<\/title>\n<meta name=\"description\" content=\"Experts in arbitration, mediation, conciliation and reconciled reorganization for communications dispute resolution services in Panama.\" \/>\n<meta name=\"robots\" content=\"index, follow, max-snippet:-1, max-image-preview:large, max-video-preview:-1\" \/>\n<link rel=\"canonical\" href=\"https:\/\/cescon.org\/en\/communications-dispute-resolution-services-in-panama\/\" \/>\n<meta property=\"og:locale\" content=\"en_US\" \/>\n<meta property=\"og:type\" content=\"article\" \/>\n<meta property=\"og:title\" content=\"Communications dispute resolution services in Panama | CESCON\" \/>\n<meta property=\"og:description\" content=\"Experts in arbitration, mediation, conciliation and reconciled reorganization for communications dispute resolution services in Panama.\" \/>\n<meta property=\"og:url\" content=\"https:\/\/cescon.org\/en\/communications-dispute-resolution-services-in-panama\/\" \/>\n<meta property=\"og:site_name\" content=\"CESCON Centro de Soluci\u00f3n de Conflictos\" \/>\n<meta property=\"article:modified_time\" content=\"2022-07-06T21:26:44+00:00\" \/>\n<meta property=\"og:image\" content=\"https:\/\/cescon.org\/wp-content\/uploads\/2022\/03\/comunicacion_1.jpeg\" \/>\n<meta name=\"twitter:card\" content=\"summary_large_image\" \/>\n<meta name=\"twitter:label1\" content=\"Est. reading time\" \/>\n\t<meta name=\"twitter:data1\" content=\"2 minutes\" \/>\n<script type=\"application\/ld+json\" class=\"yoast-schema-graph\">{\"@context\":\"https:\/\/schema.org\",\"@graph\":[{\"@type\":\"WebPage\",\"@id\":\"https:\/\/cescon.org\/en\/communications-dispute-resolution-services-in-panama\/\",\"url\":\"https:\/\/cescon.org\/en\/communications-dispute-resolution-services-in-panama\/\",\"name\":\"Communications dispute resolution services in Panama | CESCON\",\"isPartOf\":{\"@id\":\"https:\/\/cescon.org\/en\/#website\"},\"primaryImageOfPage\":{\"@id\":\"https:\/\/cescon.org\/en\/communications-dispute-resolution-services-in-panama\/#primaryimage\"},\"image\":{\"@id\":\"https:\/\/cescon.org\/en\/communications-dispute-resolution-services-in-panama\/#primaryimage\"},\"thumbnailUrl\":\"https:\/\/cescon.org\/wp-content\/uploads\/2022\/03\/comunicacion_1.jpeg\",\"datePublished\":\"2022-03-16T22:41:02+00:00\",\"dateModified\":\"2022-07-06T21:26:44+00:00\",\"description\":\"Experts in arbitration, mediation, conciliation and reconciled reorganization for communications dispute resolution services in Panama.\",\"breadcrumb\":{\"@id\":\"https:\/\/cescon.org\/en\/communications-dispute-resolution-services-in-panama\/#breadcrumb\"},\"inLanguage\":\"en-US\",\"potentialAction\":[{\"@type\":\"ReadAction\",\"target\":[\"https:\/\/cescon.org\/en\/communications-dispute-resolution-services-in-panama\/\"]}]},{\"@type\":\"ImageObject\",\"inLanguage\":\"en-US\",\"@id\":\"https:\/\/cescon.org\/en\/communications-dispute-resolution-services-in-panama\/#primaryimage\",\"url\":\"https:\/\/cescon.org\/wp-content\/uploads\/2022\/03\/comunicacion_1.jpeg\",\"contentUrl\":\"https:\/\/cescon.org\/wp-content\/uploads\/2022\/03\/comunicacion_1.jpeg\"},{\"@type\":\"BreadcrumbList\",\"@id\":\"https:\/\/cescon.org\/en\/communications-dispute-resolution-services-in-panama\/#breadcrumb\",\"itemListElement\":[{\"@type\":\"ListItem\",\"position\":1,\"name\":\"Portada\",\"item\":\"https:\/\/cescon.org\/en\/\"},{\"@type\":\"ListItem\",\"position\":2,\"name\":\"Communication\"}]},{\"@type\":\"WebSite\",\"@id\":\"https:\/\/cescon.org\/en\/#website\",\"url\":\"https:\/\/cescon.org\/en\/\",\"name\":\"CESCON Centro de Soluci\u00f3n de Conflictos\",\"description\":\"\",\"publisher\":{\"@id\":\"https:\/\/cescon.org\/en\/#organization\"},\"potentialAction\":[{\"@type\":\"SearchAction\",\"target\":{\"@type\":\"EntryPoint\",\"urlTemplate\":\"https:\/\/cescon.org\/en\/?s={search_term_string}\"},\"query-input\":{\"@type\":\"PropertyValueSpecification\",\"valueRequired\":true,\"valueName\":\"search_term_string\"}}],\"inLanguage\":\"en-US\"},{\"@type\":\"Organization\",\"@id\":\"https:\/\/cescon.org\/en\/#organization\",\"name\":\"Centro de Soluci\u00f3n de Conflictos\",\"url\":\"https:\/\/cescon.org\/en\/\",\"logo\":{\"@type\":\"ImageObject\",\"inLanguage\":\"en-US\",\"@id\":\"https:\/\/cescon.org\/en\/#\/schema\/logo\/image\/\",\"url\":\"https:\/\/cescon.org\/wp-content\/uploads\/2020\/08\/cesconlogo-01.png\",\"contentUrl\":\"https:\/\/cescon.org\/wp-content\/uploads\/2020\/08\/cesconlogo-01.png\",\"width\":401,\"height\":81,\"caption\":\"Centro de Soluci\u00f3n de Conflictos\"},\"image\":{\"@id\":\"https:\/\/cescon.org\/en\/#\/schema\/logo\/image\/\"}}]}<\/script>\n<!-- \/ Yoast SEO plugin. -->","yoast_head_json":{"title":"Communications dispute resolution services in Panama | CESCON","description":"Experts in arbitration, mediation, conciliation and reconciled reorganization for communications dispute resolution services in Panama.","robots":{"index":"index","follow":"follow","max-snippet":"max-snippet:-1","max-image-preview":"max-image-preview:large","max-video-preview":"max-video-preview:-1"},"canonical":"https:\/\/cescon.org\/en\/communications-dispute-resolution-services-in-panama\/","og_locale":"en_US","og_type":"article","og_title":"Communications dispute resolution services in Panama | CESCON","og_description":"Experts in arbitration, mediation, conciliation and reconciled reorganization for communications dispute resolution services in Panama.","og_url":"https:\/\/cescon.org\/en\/communications-dispute-resolution-services-in-panama\/","og_site_name":"CESCON Centro de Soluci\u00f3n de Conflictos","article_modified_time":"2022-07-06T21:26:44+00:00","og_image":[{"url":"https:\/\/cescon.org\/wp-content\/uploads\/2022\/03\/comunicacion_1.jpeg","type":"","width":"","height":""}],"twitter_card":"summary_large_image","twitter_misc":{"Est. reading time":"2 minutes"},"schema":{"@context":"https:\/\/schema.org","@graph":[{"@type":"WebPage","@id":"https:\/\/cescon.org\/en\/communications-dispute-resolution-services-in-panama\/","url":"https:\/\/cescon.org\/en\/communications-dispute-resolution-services-in-panama\/","name":"Communications dispute resolution services in Panama | CESCON","isPartOf":{"@id":"https:\/\/cescon.org\/en\/#website"},"primaryImageOfPage":{"@id":"https:\/\/cescon.org\/en\/communications-dispute-resolution-services-in-panama\/#primaryimage"},"image":{"@id":"https:\/\/cescon.org\/en\/communications-dispute-resolution-services-in-panama\/#primaryimage"},"thumbnailUrl":"https:\/\/cescon.org\/wp-content\/uploads\/2022\/03\/comunicacion_1.jpeg","datePublished":"2022-03-16T22:41:02+00:00","dateModified":"2022-07-06T21:26:44+00:00","description":"Experts in arbitration, mediation, conciliation and reconciled reorganization for communications dispute resolution services in Panama.","breadcrumb":{"@id":"https:\/\/cescon.org\/en\/communications-dispute-resolution-services-in-panama\/#breadcrumb"},"inLanguage":"en-US","potentialAction":[{"@type":"ReadAction","target":["https:\/\/cescon.org\/en\/communications-dispute-resolution-services-in-panama\/"]}]},{"@type":"ImageObject","inLanguage":"en-US","@id":"https:\/\/cescon.org\/en\/communications-dispute-resolution-services-in-panama\/#primaryimage","url":"https:\/\/cescon.org\/wp-content\/uploads\/2022\/03\/comunicacion_1.jpeg","contentUrl":"https:\/\/cescon.org\/wp-content\/uploads\/2022\/03\/comunicacion_1.jpeg"},{"@type":"BreadcrumbList","@id":"https:\/\/cescon.org\/en\/communications-dispute-resolution-services-in-panama\/#breadcrumb","itemListElement":[{"@type":"ListItem","position":1,"name":"Portada","item":"https:\/\/cescon.org\/en\/"},{"@type":"ListItem","position":2,"name":"Communication"}]},{"@type":"WebSite","@id":"https:\/\/cescon.org\/en\/#website","url":"https:\/\/cescon.org\/en\/","name":"CESCON Centro de Soluci\u00f3n de Conflictos","description":"","publisher":{"@id":"https:\/\/cescon.org\/en\/#organization"},"potentialAction":[{"@type":"SearchAction","target":{"@type":"EntryPoint","urlTemplate":"https:\/\/cescon.org\/en\/?s={search_term_string}"},"query-input":{"@type":"PropertyValueSpecification","valueRequired":true,"valueName":"search_term_string"}}],"inLanguage":"en-US"},{"@type":"Organization","@id":"https:\/\/cescon.org\/en\/#organization","name":"Centro de Soluci\u00f3n de Conflictos","url":"https:\/\/cescon.org\/en\/","logo":{"@type":"ImageObject","inLanguage":"en-US","@id":"https:\/\/cescon.org\/en\/#\/schema\/logo\/image\/","url":"https:\/\/cescon.org\/wp-content\/uploads\/2020\/08\/cesconlogo-01.png","contentUrl":"https:\/\/cescon.org\/wp-content\/uploads\/2020\/08\/cesconlogo-01.png","width":401,"height":81,"caption":"Centro de Soluci\u00f3n de Conflictos"},"image":{"@id":"https:\/\/cescon.org\/en\/#\/schema\/logo\/image\/"}}]}},"_links":{"self":[{"href":"https:\/\/cescon.org\/en\/wp-json\/wp\/v2\/pages\/2028","targetHints":{"allow":["GET"]}}],"collection":[{"href":"https:\/\/cescon.org\/en\/wp-json\/wp\/v2\/pages"}],"about":[{"href":"https:\/\/cescon.org\/en\/wp-json\/wp\/v2\/types\/page"}],"author":[{"embeddable":true,"href":"https:\/\/cescon.org\/en\/wp-json\/wp\/v2\/users\/1"}],"replies":[{"embeddable":true,"href":"https:\/\/cescon.org\/en\/wp-json\/wp\/v2\/comments?post=2028"}],"version-history":[{"count":7,"href":"https:\/\/cescon.org\/en\/wp-json\/wp\/v2\/pages\/2028\/revisions"}],"predecessor-version":[{"id":2538,"href":"https:\/\/cescon.org\/en\/wp-json\/wp\/v2\/pages\/2028\/revisions\/2538"}],"wp:attachment":[{"href":"https:\/\/cescon.org\/en\/wp-json\/wp\/v2\/media?parent=2028"}],"curies":[{"name":"wp","href":"https:\/\/api.w.org\/{rel}","templated":true}]}}