{"id":1976,"date":"2022-03-18T02:14:20","date_gmt":"2022-03-18T02:14:20","guid":{"rendered":"https:\/\/cescon.org\/arbitros\/"},"modified":"2022-04-26T19:07:03","modified_gmt":"2022-04-26T19:07:03","slug":"arbitrators","status":"publish","type":"page","link":"https:\/\/cescon.org\/en\/arbitrators\/","title":{"rendered":"Arbitrators"},"content":{"rendered":"\t\t<div data-elementor-type=\"wp-page\" data-elementor-id=\"1976\" class=\"elementor elementor-1976\" data-elementor-post-type=\"page\">\n\t\t\t\t\t\t<section class=\"elementor-section elementor-top-section elementor-element elementor-element-ca07972 elementor-section-full_width elementor-section-height-default elementor-section-height-default\" data-id=\"ca07972\" data-element_type=\"section\" data-e-type=\"section\" data-settings=\"{&quot;background_background&quot;:&quot;classic&quot;,&quot;background_motion_fx_motion_fx_scrolling&quot;:&quot;yes&quot;,&quot;background_motion_fx_devices&quot;:[&quot;desktop&quot;,&quot;tablet&quot;,&quot;mobile&quot;]}\">\n\t\t\t\t\t\t\t<div class=\"elementor-background-overlay\"><\/div>\n\t\t\t\t\t\t\t<div class=\"elementor-container elementor-column-gap-no\">\n\t\t\t\t\t<div class=\"elementor-column elementor-col-100 elementor-top-column elementor-element elementor-element-a86e1ee\" data-id=\"a86e1ee\" data-element_type=\"column\" data-e-type=\"column\">\n\t\t\t<div class=\"elementor-widget-wrap elementor-element-populated\">\n\t\t\t\t\t\t<div class=\"elementor-element elementor-element-e932ef1 elementor-widget elementor-widget-heading\" data-id=\"e932ef1\" data-element_type=\"widget\" data-e-type=\"widget\" data-widget_type=\"heading.default\">\n\t\t\t\t<div class=\"elementor-widget-container\">\n\t\t\t\t\t<h2 class=\"elementor-heading-title elementor-size-default\">ARBITRATION<\/h2>\t\t\t\t<\/div>\n\t\t\t\t<\/div>\n\t\t\t\t<div class=\"elementor-element elementor-element-4aba9c1 elementor-widget elementor-widget-heading\" data-id=\"4aba9c1\" data-element_type=\"widget\" data-e-type=\"widget\" data-widget_type=\"heading.default\">\n\t\t\t\t<div class=\"elementor-widget-container\">\n\t\t\t\t\t<h1 class=\"elementor-heading-title elementor-size-xxl\">Arbitrators<\/h1>\t\t\t\t<\/div>\n\t\t\t\t<\/div>\n\t\t\t\t<div class=\"elementor-element elementor-element-ad171e1 elementor-widget elementor-widget-spacer\" data-id=\"ad171e1\" data-element_type=\"widget\" data-e-type=\"widget\" data-widget_type=\"spacer.default\">\n\t\t\t\t<div class=\"elementor-widget-container\">\n\t\t\t\t\t\t\t<div class=\"elementor-spacer\">\n\t\t\t<div class=\"elementor-spacer-inner\"><\/div>\n\t\t<\/div>\n\t\t\t\t\t\t<\/div>\n\t\t\t\t<\/div>\n\t\t\t\t\t<\/div>\n\t\t<\/div>\n\t\t\t\t\t<\/div>\n\t\t<\/section>\n\t\t\t\t<section class=\"elementor-section elementor-top-section elementor-element elementor-element-4b3bad6 elementor-section-boxed elementor-section-height-default elementor-section-height-default\" data-id=\"4b3bad6\" data-element_type=\"section\" data-e-type=\"section\">\n\t\t\t\t\t\t<div class=\"elementor-container elementor-column-gap-default\">\n\t\t\t\t\t<div class=\"elementor-column elementor-col-100 elementor-top-column elementor-element elementor-element-985edfd\" data-id=\"985edfd\" data-element_type=\"column\" data-e-type=\"column\">\n\t\t\t<div class=\"elementor-widget-wrap elementor-element-populated\">\n\t\t\t\t\t\t<div class=\"elementor-element elementor-element-08dbce8 elementor-widget elementor-widget-spacer\" data-id=\"08dbce8\" data-element_type=\"widget\" data-e-type=\"widget\" data-widget_type=\"spacer.default\">\n\t\t\t\t<div class=\"elementor-widget-container\">\n\t\t\t\t\t\t\t<div class=\"elementor-spacer\">\n\t\t\t<div class=\"elementor-spacer-inner\"><\/div>\n\t\t<\/div>\n\t\t\t\t\t\t<\/div>\n\t\t\t\t<\/div>\n\t\t\t\t<div class=\"elementor-element elementor-element-92b06f5 elementor-widget elementor-widget-heading\" data-id=\"92b06f5\" data-element_type=\"widget\" data-e-type=\"widget\" data-widget_type=\"heading.default\">\n\t\t\t\t<div class=\"elementor-widget-container\">\n\t\t\t\t\t<h2 class=\"elementor-heading-title elementor-size-default\">List of arbitrators by specialty<\/h2>\t\t\t\t<\/div>\n\t\t\t\t<\/div>\n\t\t\t\t\t<\/div>\n\t\t<\/div>\n\t\t\t\t\t<\/div>\n\t\t<\/section>\n\t\t\t\t<section class=\"elementor-section elementor-top-section elementor-element elementor-element-9e06c57 elementor-section-boxed elementor-section-height-default elementor-section-height-default\" data-id=\"9e06c57\" data-element_type=\"section\" data-e-type=\"section\">\n\t\t\t\t\t\t<div class=\"elementor-container elementor-column-gap-default\">\n\t\t\t\t\t<div class=\"elementor-column elementor-col-100 elementor-top-column elementor-element elementor-element-c4ce074\" data-id=\"c4ce074\" data-element_type=\"column\" data-e-type=\"column\">\n\t\t\t<div class=\"elementor-widget-wrap elementor-element-populated\">\n\t\t\t\t\t\t<div class=\"elementor-element elementor-element-6ea92c2 elementor-widget elementor-widget-ucaddon_post_accordion\" data-id=\"6ea92c2\" data-element_type=\"widget\" data-e-type=\"widget\" data-widget_type=\"ucaddon_post_accordion.default\">\n\t\t\t\t<div class=\"elementor-widget-container\">\n\t\t\t\t\t\n<!-- start Post Accordion -->\n\t\t<link id='font-awesome-css' href='https:\/\/cescon.org\/wp-content\/plugins\/unlimited-elements-for-elementor\/assets_libraries\/font-awesome6\/fontawesome-all.min.css' type='text\/css' rel='stylesheet' >\n\t\t<link id='font-awesome-4-shim-css' href='https:\/\/cescon.org\/wp-content\/plugins\/unlimited-elements-for-elementor\/assets_libraries\/font-awesome6\/fontawesome-v4-shims.min.css' type='text\/css' rel='stylesheet' >\n\n<style>\/* widget: Post Accordion *\/\n\n#uc_post_accordion_elementor_6ea92c2 *{\n  box-sizing: border-box;\n}\n\n#uc_post_accordion_elementor_6ea92c2 em\n{\n  font-style: normal;\n}\n\n#uc_post_accordion_elementor_6ea92c2 .uc_container .uc-heading\n{\n\tdisplay:flex;\n    align-items:center;\n\toverflow:hidden;\n\tcursor:pointer;\n  \n}\n#uc_post_accordion_elementor_6ea92c2 .uc_container .uc_content\n{\n    display:none;\n    text-align:left;\n}\n\n#uc_post_accordion_elementor_6ea92c2 .uc_container .uc-heading span.ue_accordion_icon\n{\n\tdisplay:flex;\n    align-items:center;\n   \tjustify-content:center;\n    flex-grow:0;\n    flex-shrink:0;\n}\n\n#uc_post_accordion_elementor_6ea92c2 .uc_container .uc-heading span.uc_active\n{\n\tdisplay:none;\n}\n\n#uc_post_accordion_elementor_6ea92c2 .uc_container .uc-heading span.uc_dactive\n{\n\tdisplay:flex;\n\n}\n#uc_post_accordion_elementor_6ea92c2 .uc_container .uc-heading.active span.uc_active\n{\n\tdisplay:flex;\n}\n\n#uc_post_accordion_elementor_6ea92c2 .uc_container .uc-heading.active span.uc_dactive\n{\n\tdisplay:none;\n}\n\n#uc_post_accordion_elementor_6ea92c2 .uc_container .uc_btn {\n\n    text-align: center;\n    display: inline-block;\n    text-decoration: none;\n    transition: ease-in-out all 0.25s;\n}\n\n#uc_post_accordion_elementor_6ea92c2 .ue_post_image\n{\n  display:block;\n}\n\n#uc_post_accordion_elementor_6ea92c2 .ue_post_image img\n{\n  display:block;\n  object-fit: cover;\n  width:100%;\n}\n\n<\/style>\n\n\n<div class=\"uc_material_accordion\" id=\"uc_post_accordion_elementor_6ea92c2\">\n    \t<div class=\"uc_container\">\n        \t<div class=\"uc_ac_box\">\n  <div class=\"uc-heading uc_trigger-uc_post_accordion_elementor_6ea92c2\" id=\"uc_post_accordion_elementor_6ea92c2\">\n          <span class=\"fas fa-plus uc_dactive bbb ue_accordion_icon\"><\/span> \n      <span class=\"fas fa-minus uc_active bbb ue_accordion_icon\"><\/span>\n        <em class=\"ue_heading_title\">Accountants <\/em>\n  <\/div>\n  <div class=\"uc_content\">\n                    <div class=\"ue_post_text\"><p><\/p>\n<h2 class=\"wp-block-heading\">B<\/h2>\n<p><\/p>\n<p><\/p>\n<p>Barrios, Francisco A.<\/p>\n<p><\/p>\n<p><\/p>\n<h2 class=\"wp-block-heading\">I<\/h2>\n<p><\/p>\n<p><\/p>\n<p>Iribarren S., Paul E.<\/p>\n<p><\/p>\n<p><\/p>\n<h2 class=\"wp-block-heading\">J<\/h2>\n<p><\/p>\n<p><\/p>\n<p>Ju\u00e1rez, Jes\u00fas A.<\/p>\n<p><\/p>\n<p><\/p>\n<h2 class=\"wp-block-heading\">N<\/h2>\n<p><\/p>\n<p><\/p>\n<p>Nu\u00f1ez, Iv\u00e1n Abdiel<\/p>\n<p><\/p>\n<p><\/p>\n<h2 class=\"wp-block-heading\">S<\/h2>\n<p><\/p>\n<p><\/p>\n<p>Salas R., Zuleima M.<\/p>\n<p><\/p>\n<p><\/p>\n<h2 class=\"wp-block-heading\">T<\/h2>\n<p><\/p>\n<p><\/p>\n<p>Testa D., Bol\u00edvar<\/p>\n<p><\/p>\n<\/div>        \n    \n  <\/div> \n<\/div>\n<div class=\"uc_ac_box\">\n  <div class=\"uc-heading uc_trigger-uc_post_accordion_elementor_6ea92c2\" id=\"uc_post_accordion_elementor_6ea92c2\">\n          <span class=\"fas fa-plus uc_dactive bbb ue_accordion_icon\"><\/span> \n      <span class=\"fas fa-minus uc_active bbb ue_accordion_icon\"><\/span>\n        <em class=\"ue_heading_title\">Business Administration <\/em>\n  <\/div>\n  <div class=\"uc_content\">\n                    <div class=\"ue_post_text\"><p><\/p>\n<h2 class=\"wp-block-heading\">H<\/h2>\n<p><\/p>\n<p><\/p>\n<p>Hidrogo, Jos\u00e9 Angel<\/p>\n<p><\/p>\n<p><\/p>\n<p><\/p>\n<\/div>        \n    \n  <\/div> \n<\/div>\n<div class=\"uc_ac_box\">\n  <div class=\"uc-heading uc_trigger-uc_post_accordion_elementor_6ea92c2\" id=\"uc_post_accordion_elementor_6ea92c2\">\n          <span class=\"fas fa-plus uc_dactive bbb ue_accordion_icon\"><\/span> \n      <span class=\"fas fa-minus uc_active bbb ue_accordion_icon\"><\/span>\n        <em class=\"ue_heading_title\">Economists <\/em>\n  <\/div>\n  <div class=\"uc_content\">\n                    <div class=\"ue_post_text\"><p><\/p>\n<h2 class=\"wp-block-heading\">C<\/h2>\n<p><\/p>\n<p><\/p>\n<p>Chen Barr\u00eda, Jos\u00e9<\/p>\n<p><\/p>\n<p><\/p>\n<h2 class=\"wp-block-heading\">M<\/h2>\n<p><\/p>\n<p><\/p>\n<p>Mora R., Marcos A.<\/p>\n<p><\/p>\n<\/div>        \n    \n  <\/div> \n<\/div>\n<div class=\"uc_ac_box\">\n  <div class=\"uc-heading uc_trigger-uc_post_accordion_elementor_6ea92c2\" id=\"uc_post_accordion_elementor_6ea92c2\">\n          <span class=\"fas fa-plus uc_dactive bbb ue_accordion_icon\"><\/span> \n      <span class=\"fas fa-minus uc_active bbb ue_accordion_icon\"><\/span>\n        <em class=\"ue_heading_title\">Engineers and Architects <\/em>\n  <\/div>\n  <div class=\"uc_content\">\n                    <div class=\"ue_post_text\"><p><\/p>\n<h2 class=\"wp-block-heading\">B<\/h2>\n<p><\/p>\n<p><\/p>\n<p>Barsallo, Francisco (Ing.)<\/p>\n<p><\/p>\n<p><\/p>\n<h2 class=\"wp-block-heading\">F<\/h2>\n<p><\/p>\n<p><\/p>\n<p>Ferrer, Nelson (Ing.)<\/p>\n<p><\/p>\n<p><\/p>\n<h2 class=\"wp-block-heading\">G<\/h2>\n<p><\/p>\n<p><\/p>\n<p>Gonz\u00e1lez Ru\u00edz, Manuel (Ing.)<\/p>\n<p><\/p>\n<p><\/p>\n<h2 class=\"wp-block-heading\">J<\/h2>\n<p><\/p>\n<p><\/p>\n<p>Jovan\u00e9, Jaime (Ing.)<\/p>\n<p><\/p>\n<p><\/p>\n<h2 class=\"wp-block-heading\">M<\/h2>\n<p><\/p>\n<p><\/p>\n<p>Martin Graell, Lesley<br \/>Miguez, Francisco (Arq.)<\/p>\n<p><\/p>\n<\/div>        \n    \n  <\/div> \n<\/div>\n<div class=\"uc_ac_box\">\n  <div class=\"uc-heading uc_trigger-uc_post_accordion_elementor_6ea92c2\" id=\"uc_post_accordion_elementor_6ea92c2\">\n          <span class=\"fas fa-plus uc_dactive bbb ue_accordion_icon\"><\/span> \n      <span class=\"fas fa-minus uc_active bbb ue_accordion_icon\"><\/span>\n        <em class=\"ue_heading_title\">Lawyers <\/em>\n  <\/div>\n  <div class=\"uc_content\">\n                    <div class=\"ue_post_text\"><p><\/p>\n<h2 class=\"wp-block-heading\"><strong>A<\/strong><\/h2>\n<p><\/p>\n<p><\/p>\n<p>Abood Alfaro, Alejandro<br \/>Aleman, Ramon I.<br \/>Aleman, Ricardo<br \/>Alfaro, Eloy<br \/>Aparicio, Katherine<br \/>Aparicio, Raul<br \/>Arellano, Narciso<br \/>Arjona, Adan A.<br \/>Arjona, Laurentino<br \/>Arosemena, David<br \/>Arosemena, Lexaira<br \/>Arrocha, Olmedo<br \/>Arrue , Carlos<\/p>\n<p><\/p>\n<p><\/p>\n<h2 class=\"wp-block-heading\">B<\/h2>\n<p><\/p>\n<p><\/p>\n<p>Barakat, Jorge<br \/>Barcenas, Juan David<br \/>Bonadies, Leonardo<br \/>Britton, Eric A.<br \/>Bustamante, Lenis<\/p>\n<p><\/p>\n<p><\/p>\n<h2 class=\"wp-block-heading\">C<\/h2>\n<p><\/p>\n<p><\/p>\n<p>Candanedo Navarro, Rolando<br \/>Casta\u00f1edas, Dayra<br \/>Castillero, Cecilio<br \/>Castillo, Sheyla<br \/>Castro, Gabriel<br \/>Clare, Miguel A.<br \/>Corbetti, Ariel<br \/>Cordero, Carlos<br \/>Correa Escudero, Adriano<br \/>Corro, Juan F.<br \/>Cupas, Manuel<\/p>\n<p><\/p>\n<p><\/p>\n<h2 class=\"wp-block-heading\">D<\/h2>\n<p><\/p>\n<p><\/p>\n<p>De Castro, Claudio<br \/>De Gonzalez Ruiz, Cecilia A.<br \/>De Lee, Carmen A.<br \/>De Obaldia, Carlos<br \/>De Obarrio, Joaqu\u00edn<br \/>Dixon, Graciela J.<\/p>\n<p><\/p>\n<p><\/p>\n<h2 class=\"wp-block-heading\">E<\/h2>\n<p><\/p>\n<p><\/p>\n<p>Ellis, Marisol<br \/>Estrada, Ericka<\/p>\n<p><\/p>\n<p><\/p>\n<h2 class=\"wp-block-heading\">F<\/h2>\n<p><\/p>\n<p><\/p>\n<p>Fabrega, Juan Pablo<br \/>Fabrega, Mar\u00eda<br \/>Fern\u00e1ndez, Alberto<br \/>Figueroa B., Miriam G.<br \/>Flores Rueda, Cecilia<\/p>\n<p><\/p>\n<p><\/p>\n<h2 class=\"wp-block-heading\">G<\/h2>\n<p><\/p>\n<p><\/p>\n<p>Gavrilidis, Jorge Manuel<br \/>Gonzalez Arrocha, Katherine<br \/>Gonzalez Moreno, Evans<br \/>Guinard, Luis E.<\/p>\n<p><\/p>\n<p><\/p>\n<h2 class=\"wp-block-heading\">H<\/h2>\n<p><\/p>\n<p><\/p>\n<p>Hidrogo, Jose Angel<\/p>\n<p><\/p>\n<p><\/p>\n<h2 class=\"wp-block-heading\">J<\/h2>\n<p><\/p>\n<p><\/p>\n<p>Jaime, Margie-Lys<br \/>Juliao, Rinee<\/p>\n<p><\/p>\n<p><\/p>\n<h2 class=\"wp-block-heading\">L<\/h2>\n<p><\/p>\n<p><\/p>\n<p>Lee, Jorge Federico<br \/>Linares F., Adolfo E.<br \/>Lombardi, Juan E.<br \/>Lapez Moreno, Esteban<\/p>\n<p><\/p>\n<p><\/p>\n<h2 class=\"wp-block-heading\">M<\/h2>\n<p><\/p>\n<p><\/p>\n<p>Martin Graell, Lesley<br \/>Mart\u00ednez, Ivette<br \/>Mauad, Jos\u00e9 Alberto<br \/>Maximin Jovane, Diego<br \/>Molina Ortega, Rodrigo<br \/>Molina, Jorge A.<br \/>Mora, Jaime<br \/>Moreno, Yuri<br \/>Morhaim, Janeth<br \/>Mosquera, Rebeca<\/p>\n<p><\/p>\n<p><\/p>\n<h2 class=\"wp-block-heading\">N<\/h2>\n<p><\/p>\n<p><\/p>\n<p>Navarrete, Jose<br \/>Ng, Juan Diego<br \/>Nu\u00f1ez, Jorge A.<br \/>Nu\u00f1ez Mart\u00ednez, Luis<\/p>\n<p><\/p>\n<p><\/p>\n<h2 class=\"wp-block-heading\">P<\/h2>\n<p><\/p>\n<p><\/p>\n<p>Perez de Palma, Idelcarmen<br \/>Pinto, Carlos<\/p>\n<p><\/p>\n<p><\/p>\n<h2 class=\"wp-block-heading\">Q<\/h2>\n<p><\/p>\n<p><\/p>\n<p>Quintero, Selva<\/p>\n<p><\/p>\n<p><\/p>\n<h2 class=\"wp-block-heading\">R<\/h2>\n<p><\/p>\n<p><\/p>\n<p>Ramirez, Julio R.<br \/>Rangel, Ludgardis<br \/>Rivera, Jose Javier<br \/>Rodriguez Jr., Eduardo<br \/>Rodriguez, Omar C.<br \/>Rosas, Ausberto<\/p>\n<p><\/p>\n<p><\/p>\n<h2 class=\"wp-block-heading\">S<\/h2>\n<p><\/p>\n<p><\/p>\n<p>S. de Miro, Maria Isabel<br \/>Sanchez, Liliana<\/p>\n<p><\/p>\n<p><\/p>\n<h2 class=\"wp-block-heading\">T<\/h2>\n<p><\/p>\n<p><\/p>\n<p>Tejada Mora, Juan<br \/>Toro Lozano, Agripino<\/p>\n<p><\/p>\n<p><\/p>\n<h2 class=\"wp-block-heading\">V<\/h2>\n<p><\/p>\n<p><\/p>\n<p>Vasquez R., Alberto C.<br \/>Vasquez, Maria del Pilar<\/p>\n<p><\/p>\n<p><\/p>\n<h2 class=\"wp-block-heading\">Z<\/h2>\n<p><\/p>\n<p><\/p>\n<p>Zapata, Luis Carlos<\/p>\n<p><\/p>\n<\/div>        \n    \n  <\/div> \n<\/div>\n\n        <\/div>\n   \t<\/div>\n\n\n<!-- end Post Accordion -->\t\t\t\t<\/div>\n\t\t\t\t<\/div>\n\t\t\t\t\t<\/div>\n\t\t<\/div>\n\t\t\t\t\t<\/div>\n\t\t<\/section>\n\t\t\t\t<section class=\"elementor-section elementor-top-section elementor-element elementor-element-402e7c1 elementor-section-boxed elementor-section-height-default elementor-section-height-default\" data-id=\"402e7c1\" data-element_type=\"section\" data-e-type=\"section\">\n\t\t\t\t\t\t<div class=\"elementor-container elementor-column-gap-default\">\n\t\t\t\t\t<div class=\"elementor-column elementor-col-100 elementor-top-column elementor-element elementor-element-a4574da\" data-id=\"a4574da\" data-element_type=\"column\" data-e-type=\"column\">\n\t\t\t<div class=\"elementor-widget-wrap elementor-element-populated\">\n\t\t\t\t\t\t<div class=\"elementor-element elementor-element-4e579b8 elementor-widget elementor-widget-spacer\" data-id=\"4e579b8\" data-element_type=\"widget\" data-e-type=\"widget\" data-widget_type=\"spacer.default\">\n\t\t\t\t<div class=\"elementor-widget-container\">\n\t\t\t\t\t\t\t<div class=\"elementor-spacer\">\n\t\t\t<div class=\"elementor-spacer-inner\"><\/div>\n\t\t<\/div>\n\t\t\t\t\t\t<\/div>\n\t\t\t\t<\/div>\n\t\t\t\t\t<\/div>\n\t\t<\/div>\n\t\t\t\t\t<\/div>\n\t\t<\/section>\n\t\t\t\t<\/div>\n\t\t","protected":false},"excerpt":{"rendered":"<p>ARBITRATION Arbitrators List of arbitrators by specialty Accountants B Barrios, Francisco A. I Iribarren S., Paul E. J Ju\u00e1rez, Jes\u00fas A. N Nu\u00f1ez, Iv\u00e1n Abdiel S Salas R., Zuleima M. T Testa D., Bol\u00edvar Business Administration H Hidrogo, Jos\u00e9 Angel Economists C Chen Barr\u00eda, Jos\u00e9 M Mora R., Marcos A. Engineers and Architects A Arosemena [&hellip;]<\/p>\n","protected":false},"author":1,"featured_media":0,"parent":0,"menu_order":0,"comment_status":"closed","ping_status":"closed","template":"","meta":{"site-sidebar-layout":"no-sidebar","site-content-layout":"page-builder","ast-site-content-layout":"","site-content-style":"default","site-sidebar-style":"default","ast-global-header-display":"","ast-banner-title-visibility":"","ast-main-header-display":"","ast-hfb-above-header-display":"","ast-hfb-below-header-display":"","ast-hfb-mobile-header-display":"","site-post-title":"disabled","ast-breadcrumbs-content":"","ast-featured-img":"disabled","footer-sml-layout":"","theme-transparent-header-meta":"disabled","adv-header-id-meta":"","stick-header-meta":"","header-above-stick-meta":"","header-main-stick-meta":"","header-below-stick-meta":"","astra-migrate-meta-layouts":"default","ast-page-background-enabled":"default","ast-page-background-meta":{"desktop":{"background-color":"","background-image":"","background-repeat":"repeat","background-position":"center center","background-size":"auto","background-attachment":"scroll","background-type":"","background-media":"","overlay-type":"","overlay-color":"","overlay-opacity":"","overlay-gradient":""},"tablet":{"background-color":"","background-image":"","background-repeat":"repeat","background-position":"center center","background-size":"auto","background-attachment":"scroll","background-type":"","background-media":"","overlay-type":"","overlay-color":"","overlay-opacity":"","overlay-gradient":""},"mobile":{"background-color":"","background-image":"","background-repeat":"repeat","background-position":"center center","background-size":"auto","background-attachment":"scroll","background-type":"","background-media":"","overlay-type":"","overlay-color":"","overlay-opacity":"","overlay-gradient":""}},"ast-content-background-meta":{"desktop":{"background-color":"var(--ast-global-color-5)","background-image":"","background-repeat":"repeat","background-position":"center center","background-size":"auto","background-attachment":"scroll","background-type":"","background-media":"","overlay-type":"","overlay-color":"","overlay-opacity":"","overlay-gradient":""},"tablet":{"background-color":"var(--ast-global-color-5)","background-image":"","background-repeat":"repeat","background-position":"center center","background-size":"auto","background-attachment":"scroll","background-type":"","background-media":"","overlay-type":"","overlay-color":"","overlay-opacity":"","overlay-gradient":""},"mobile":{"background-color":"var(--ast-global-color-5)","background-image":"","background-repeat":"repeat","background-position":"center center","background-size":"auto","background-attachment":"scroll","background-type":"","background-media":"","overlay-type":"","overlay-color":"","overlay-opacity":"","overlay-gradient":""}},"footnotes":""},"class_list":["post-1976","page","type-page","status-publish","hentry"],"yoast_head":"<!-- This site is optimized with the Yoast SEO plugin v25.6 - https:\/\/yoast.com\/wordpress\/plugins\/seo\/ -->\n<title>Arbitrators | CESCON Centro de Soluci\u00f3n de Conflictos<\/title>\n<meta name=\"robots\" content=\"index, follow, max-snippet:-1, max-image-preview:large, max-video-preview:-1\" \/>\n<link rel=\"canonical\" href=\"https:\/\/cescon.org\/en\/arbitrators\/\" \/>\n<meta property=\"og:locale\" content=\"en_US\" \/>\n<meta property=\"og:type\" content=\"article\" \/>\n<meta property=\"og:title\" content=\"Arbitrators | CESCON Centro de Soluci\u00f3n de Conflictos\" \/>\n<meta property=\"og:description\" content=\"ARBITRATION Arbitrators List of arbitrators by specialty Accountants B Barrios, Francisco A. I Iribarren S., Paul E. J Ju\u00e1rez, Jes\u00fas A. N Nu\u00f1ez, Iv\u00e1n Abdiel S Salas R., Zuleima M. T Testa D., Bol\u00edvar Business Administration H Hidrogo, Jos\u00e9 Angel Economists C Chen Barr\u00eda, Jos\u00e9 M Mora R., Marcos A. Engineers and Architects A Arosemena [&hellip;]\" \/>\n<meta property=\"og:url\" content=\"https:\/\/cescon.org\/en\/arbitrators\/\" \/>\n<meta property=\"og:site_name\" content=\"CESCON Centro de Soluci\u00f3n de Conflictos\" \/>\n<meta property=\"article:modified_time\" content=\"2022-04-26T19:07:03+00:00\" \/>\n<meta name=\"twitter:card\" content=\"summary_large_image\" \/>\n<meta name=\"twitter:label1\" content=\"Est. reading time\" \/>\n\t<meta name=\"twitter:data1\" content=\"2 minutes\" \/>\n<script type=\"application\/ld+json\" class=\"yoast-schema-graph\">{\"@context\":\"https:\/\/schema.org\",\"@graph\":[{\"@type\":\"WebPage\",\"@id\":\"https:\/\/cescon.org\/en\/arbitrators\/\",\"url\":\"https:\/\/cescon.org\/en\/arbitrators\/\",\"name\":\"Arbitrators | CESCON Centro de Soluci\u00f3n de Conflictos\",\"isPartOf\":{\"@id\":\"https:\/\/cescon.org\/en\/#website\"},\"datePublished\":\"2022-03-18T02:14:20+00:00\",\"dateModified\":\"2022-04-26T19:07:03+00:00\",\"breadcrumb\":{\"@id\":\"https:\/\/cescon.org\/en\/arbitrators\/#breadcrumb\"},\"inLanguage\":\"en-US\",\"potentialAction\":[{\"@type\":\"ReadAction\",\"target\":[\"https:\/\/cescon.org\/en\/arbitrators\/\"]}]},{\"@type\":\"BreadcrumbList\",\"@id\":\"https:\/\/cescon.org\/en\/arbitrators\/#breadcrumb\",\"itemListElement\":[{\"@type\":\"ListItem\",\"position\":1,\"name\":\"Portada\",\"item\":\"https:\/\/cescon.org\/en\/\"},{\"@type\":\"ListItem\",\"position\":2,\"name\":\"Arbitrators\"}]},{\"@type\":\"WebSite\",\"@id\":\"https:\/\/cescon.org\/en\/#website\",\"url\":\"https:\/\/cescon.org\/en\/\",\"name\":\"CESCON Centro de Soluci\u00f3n de Conflictos\",\"description\":\"\",\"publisher\":{\"@id\":\"https:\/\/cescon.org\/en\/#organization\"},\"potentialAction\":[{\"@type\":\"SearchAction\",\"target\":{\"@type\":\"EntryPoint\",\"urlTemplate\":\"https:\/\/cescon.org\/en\/?s={search_term_string}\"},\"query-input\":{\"@type\":\"PropertyValueSpecification\",\"valueRequired\":true,\"valueName\":\"search_term_string\"}}],\"inLanguage\":\"en-US\"},{\"@type\":\"Organization\",\"@id\":\"https:\/\/cescon.org\/en\/#organization\",\"name\":\"Centro de Soluci\u00f3n de Conflictos\",\"url\":\"https:\/\/cescon.org\/en\/\",\"logo\":{\"@type\":\"ImageObject\",\"inLanguage\":\"en-US\",\"@id\":\"https:\/\/cescon.org\/en\/#\/schema\/logo\/image\/\",\"url\":\"https:\/\/cescon.org\/wp-content\/uploads\/2020\/08\/cesconlogo-01.png\",\"contentUrl\":\"https:\/\/cescon.org\/wp-content\/uploads\/2020\/08\/cesconlogo-01.png\",\"width\":401,\"height\":81,\"caption\":\"Centro de Soluci\u00f3n de Conflictos\"},\"image\":{\"@id\":\"https:\/\/cescon.org\/en\/#\/schema\/logo\/image\/\"}}]}<\/script>\n<!-- \/ Yoast SEO plugin. -->","yoast_head_json":{"title":"Arbitrators | CESCON Centro de Soluci\u00f3n de Conflictos","robots":{"index":"index","follow":"follow","max-snippet":"max-snippet:-1","max-image-preview":"max-image-preview:large","max-video-preview":"max-video-preview:-1"},"canonical":"https:\/\/cescon.org\/en\/arbitrators\/","og_locale":"en_US","og_type":"article","og_title":"Arbitrators | CESCON Centro de Soluci\u00f3n de Conflictos","og_description":"ARBITRATION Arbitrators List of arbitrators by specialty Accountants B Barrios, Francisco A. I Iribarren S., Paul E. J Ju\u00e1rez, Jes\u00fas A. N Nu\u00f1ez, Iv\u00e1n Abdiel S Salas R., Zuleima M. T Testa D., Bol\u00edvar Business Administration H Hidrogo, Jos\u00e9 Angel Economists C Chen Barr\u00eda, Jos\u00e9 M Mora R., Marcos A. Engineers and Architects A Arosemena [&hellip;]","og_url":"https:\/\/cescon.org\/en\/arbitrators\/","og_site_name":"CESCON Centro de Soluci\u00f3n de Conflictos","article_modified_time":"2022-04-26T19:07:03+00:00","twitter_card":"summary_large_image","twitter_misc":{"Est. reading time":"2 minutes"},"schema":{"@context":"https:\/\/schema.org","@graph":[{"@type":"WebPage","@id":"https:\/\/cescon.org\/en\/arbitrators\/","url":"https:\/\/cescon.org\/en\/arbitrators\/","name":"Arbitrators | CESCON Centro de Soluci\u00f3n de Conflictos","isPartOf":{"@id":"https:\/\/cescon.org\/en\/#website"},"datePublished":"2022-03-18T02:14:20+00:00","dateModified":"2022-04-26T19:07:03+00:00","breadcrumb":{"@id":"https:\/\/cescon.org\/en\/arbitrators\/#breadcrumb"},"inLanguage":"en-US","potentialAction":[{"@type":"ReadAction","target":["https:\/\/cescon.org\/en\/arbitrators\/"]}]},{"@type":"BreadcrumbList","@id":"https:\/\/cescon.org\/en\/arbitrators\/#breadcrumb","itemListElement":[{"@type":"ListItem","position":1,"name":"Portada","item":"https:\/\/cescon.org\/en\/"},{"@type":"ListItem","position":2,"name":"Arbitrators"}]},{"@type":"WebSite","@id":"https:\/\/cescon.org\/en\/#website","url":"https:\/\/cescon.org\/en\/","name":"CESCON Centro de Soluci\u00f3n de Conflictos","description":"","publisher":{"@id":"https:\/\/cescon.org\/en\/#organization"},"potentialAction":[{"@type":"SearchAction","target":{"@type":"EntryPoint","urlTemplate":"https:\/\/cescon.org\/en\/?s={search_term_string}"},"query-input":{"@type":"PropertyValueSpecification","valueRequired":true,"valueName":"search_term_string"}}],"inLanguage":"en-US"},{"@type":"Organization","@id":"https:\/\/cescon.org\/en\/#organization","name":"Centro de Soluci\u00f3n de Conflictos","url":"https:\/\/cescon.org\/en\/","logo":{"@type":"ImageObject","inLanguage":"en-US","@id":"https:\/\/cescon.org\/en\/#\/schema\/logo\/image\/","url":"https:\/\/cescon.org\/wp-content\/uploads\/2020\/08\/cesconlogo-01.png","contentUrl":"https:\/\/cescon.org\/wp-content\/uploads\/2020\/08\/cesconlogo-01.png","width":401,"height":81,"caption":"Centro de Soluci\u00f3n de Conflictos"},"image":{"@id":"https:\/\/cescon.org\/en\/#\/schema\/logo\/image\/"}}]}},"_links":{"self":[{"href":"https:\/\/cescon.org\/en\/wp-json\/wp\/v2\/pages\/1976","targetHints":{"allow":["GET"]}}],"collection":[{"href":"https:\/\/cescon.org\/en\/wp-json\/wp\/v2\/pages"}],"about":[{"href":"https:\/\/cescon.org\/en\/wp-json\/wp\/v2\/types\/page"}],"author":[{"embeddable":true,"href":"https:\/\/cescon.org\/en\/wp-json\/wp\/v2\/users\/1"}],"replies":[{"embeddable":true,"href":"https:\/\/cescon.org\/en\/wp-json\/wp\/v2\/comments?post=1976"}],"version-history":[{"count":5,"href":"https:\/\/cescon.org\/en\/wp-json\/wp\/v2\/pages\/1976\/revisions"}],"predecessor-version":[{"id":2003,"href":"https:\/\/cescon.org\/en\/wp-json\/wp\/v2\/pages\/1976\/revisions\/2003"}],"wp:attachment":[{"href":"https:\/\/cescon.org\/en\/wp-json\/wp\/v2\/media?parent=1976"}],"curies":[{"name":"wp","href":"https:\/\/api.w.org\/{rel}","templated":true}]}}